{"id":982,"date":"2023-07-30T18:32:04","date_gmt":"2023-07-30T16:32:04","guid":{"rendered":"https:\/\/black-house.com\/serveis\/"},"modified":"2026-02-10T10:53:04","modified_gmt":"2026-02-10T09:53:04","slug":"serveis","status":"publish","type":"page","link":"https:\/\/black-house.com\/ca\/serveis\/","title":{"rendered":"Serveis"},"content":{"rendered":"\t\t<div data-elementor-type=\"wp-page\" data-elementor-id=\"982\" class=\"elementor elementor-982 elementor-363\" data-elementor-settings=\"{&quot;scroll_snap&quot;:&quot;yes&quot;}\" data-elementor-post-type=\"page\">\n\t\t\t\t\t\t<section class=\"elementor-section elementor-top-section elementor-element elementor-element-fb52fb5 elementor-section-height-min-height elementor-section-items-bottom elementor-section-full_width elementor-section-height-default\" data-id=\"fb52fb5\" data-element_type=\"section\" data-e-type=\"section\" data-settings=\"{&quot;background_background&quot;:&quot;classic&quot;}\">\n\t\t\t\t\t\t<div class=\"elementor-container elementor-column-gap-no\">\n\t\t\t\t\t<div class=\"elementor-column elementor-col-50 elementor-top-column elementor-element elementor-element-ceddd16\" data-id=\"ceddd16\" data-element_type=\"column\" data-e-type=\"column\">\n\t\t\t<div class=\"elementor-widget-wrap elementor-element-populated\">\n\t\t\t\t\t\t<div class=\"elementor-element elementor-element-02c1e2a elementor-hidden-desktop elementor-hidden-tablet elementor-widget elementor-widget-image\" data-id=\"02c1e2a\" data-element_type=\"widget\" data-e-type=\"widget\" data-widget_type=\"image.default\">\n\t\t\t\t<div class=\"elementor-widget-container\">\n\t\t\t\t\t\t\t\t\t\t\t\t\t\t\t<img fetchpriority=\"high\" decoding=\"async\" width=\"800\" height=\"450\" src=\"https:\/\/black-house.com\/wp-content\/uploads\/2023\/07\/blackhouse-sant-cugat-1-1024x576.jpg\" class=\"attachment-large size-large wp-image-940\" alt=\"Espai exterior d&#039;habitatge contemporani a Sant Cugat amb piscina i zona d&#039;estar integrada\" srcset=\"https:\/\/black-house.com\/wp-content\/uploads\/2023\/07\/blackhouse-sant-cugat-1-1024x576.jpg 1024w, https:\/\/black-house.com\/wp-content\/uploads\/2023\/07\/blackhouse-sant-cugat-1-300x169.jpg 300w, https:\/\/black-house.com\/wp-content\/uploads\/2023\/07\/blackhouse-sant-cugat-1-768x432.jpg 768w, https:\/\/black-house.com\/wp-content\/uploads\/2023\/07\/blackhouse-sant-cugat-1-1536x864.jpg 1536w, https:\/\/black-house.com\/wp-content\/uploads\/2023\/07\/blackhouse-sant-cugat-1.jpg 1920w\" sizes=\"(max-width: 800px) 100vw, 800px\" \/>\t\t\t\t\t\t\t\t\t\t\t\t\t\t\t<\/div>\n\t\t\t\t<\/div>\n\t\t\t\t\t<\/div>\n\t\t<\/div>\n\t\t\t\t<div class=\"elementor-column elementor-col-50 elementor-top-column elementor-element elementor-element-937ca74\" data-id=\"937ca74\" data-element_type=\"column\" data-e-type=\"column\" data-settings=\"{&quot;background_background&quot;:&quot;classic&quot;}\">\n\t\t\t<div class=\"elementor-widget-wrap elementor-element-populated\">\n\t\t\t\t\t\t<div class=\"elementor-element elementor-element-533abc1 elementor-widget elementor-widget-heading\" data-id=\"533abc1\" data-element_type=\"widget\" data-e-type=\"widget\" data-widget_type=\"heading.default\">\n\t\t\t\t<div class=\"elementor-widget-container\">\n\t\t\t\t\t<h2 class=\"elementor-heading-title elementor-size-default\">Cases unifamiliars de disseny<\/h2>\t\t\t\t<\/div>\n\t\t\t\t<\/div>\n\t\t\t\t<div class=\"elementor-element elementor-element-f71f866 elementor-widget elementor-widget-text-editor\" data-id=\"f71f866\" data-element_type=\"widget\" data-e-type=\"widget\" data-widget_type=\"text-editor.default\">\n\t\t\t\t<div class=\"elementor-widget-container\">\n\t\t\t\t\t\t\t\t\t<p>Habitatges unifamiliars projectats a mesura, des de l&#8217;arquitectura i l&#8217;\u00fas real de l&#8217;espai.<\/p>\t\t\t\t\t\t\t\t<\/div>\n\t\t\t\t<\/div>\n\t\t\t\t<div class=\"elementor-element elementor-element-efc6366 elementor-widget elementor-widget-button\" data-id=\"efc6366\" data-element_type=\"widget\" data-e-type=\"widget\" data-widget_type=\"button.default\">\n\t\t\t\t<div class=\"elementor-widget-container\">\n\t\t\t\t\t\t\t\t\t<div class=\"elementor-button-wrapper\">\n\t\t\t\t\t<a class=\"elementor-button elementor-button-link elementor-size-sm\" href=\"https:\/\/black-house.com\/ca\/cases-unifamiliars-de-disseny\/\">\n\t\t\t\t\t\t<span class=\"elementor-button-content-wrapper\">\n\t\t\t\t\t\t\t\t\t<span class=\"elementor-button-text\">M\u00e9s informaci\u00f3<\/span>\n\t\t\t\t\t<\/span>\n\t\t\t\t\t<\/a>\n\t\t\t\t<\/div>\n\t\t\t\t\t\t\t\t<\/div>\n\t\t\t\t<\/div>\n\t\t\t\t\t<\/div>\n\t\t<\/div>\n\t\t\t\t\t<\/div>\n\t\t<\/section>\n\t\t\t\t<section class=\"elementor-section elementor-top-section elementor-element elementor-element-cfe2246 elementor-section-height-min-height elementor-section-items-bottom elementor-section-full_width elementor-section-height-default\" data-id=\"cfe2246\" data-element_type=\"section\" data-e-type=\"section\" data-settings=\"{&quot;background_background&quot;:&quot;classic&quot;}\">\n\t\t\t\t\t\t\t<div class=\"elementor-background-overlay\"><\/div>\n\t\t\t\t\t\t\t<div class=\"elementor-container elementor-column-gap-no\">\n\t\t\t\t\t<div class=\"elementor-column elementor-col-50 elementor-top-column elementor-element elementor-element-cf70851\" data-id=\"cf70851\" data-element_type=\"column\" data-e-type=\"column\">\n\t\t\t<div class=\"elementor-widget-wrap elementor-element-populated\">\n\t\t\t\t\t\t<div class=\"elementor-element elementor-element-6dbeae0 elementor-hidden-desktop elementor-hidden-tablet elementor-widget elementor-widget-image\" data-id=\"6dbeae0\" data-element_type=\"widget\" data-e-type=\"widget\" data-widget_type=\"image.default\">\n\t\t\t\t<div class=\"elementor-widget-container\">\n\t\t\t\t\t\t\t\t\t\t\t\t\t\t\t<img decoding=\"async\" width=\"800\" height=\"450\" src=\"https:\/\/black-house.com\/wp-content\/uploads\/2023\/07\/blackhouse-HOTEL-CORTEZO-portada-1024x576.jpg\" class=\"attachment-large size-large wp-image-938\" alt=\"Projecte d&#039;interiorisme hoteler a Madrid amb disseny contemporani i atmosfera elegant\" srcset=\"https:\/\/black-house.com\/wp-content\/uploads\/2023\/07\/blackhouse-HOTEL-CORTEZO-portada-1024x576.jpg 1024w, https:\/\/black-house.com\/wp-content\/uploads\/2023\/07\/blackhouse-HOTEL-CORTEZO-portada-300x169.jpg 300w, https:\/\/black-house.com\/wp-content\/uploads\/2023\/07\/blackhouse-HOTEL-CORTEZO-portada-768x432.jpg 768w, https:\/\/black-house.com\/wp-content\/uploads\/2023\/07\/blackhouse-HOTEL-CORTEZO-portada-1536x864.jpg 1536w, https:\/\/black-house.com\/wp-content\/uploads\/2023\/07\/blackhouse-HOTEL-CORTEZO-portada.jpg 1920w\" sizes=\"(max-width: 800px) 100vw, 800px\" \/>\t\t\t\t\t\t\t\t\t\t\t\t\t\t\t<\/div>\n\t\t\t\t<\/div>\n\t\t\t\t\t<\/div>\n\t\t<\/div>\n\t\t\t\t<div class=\"elementor-column elementor-col-50 elementor-top-column elementor-element elementor-element-1a2d055\" data-id=\"1a2d055\" data-element_type=\"column\" data-e-type=\"column\" data-settings=\"{&quot;background_background&quot;:&quot;classic&quot;}\">\n\t\t\t<div class=\"elementor-widget-wrap elementor-element-populated\">\n\t\t\t\t\t\t<div class=\"elementor-element elementor-element-8f7ceb2 elementor-widget elementor-widget-heading\" data-id=\"8f7ceb2\" data-element_type=\"widget\" data-e-type=\"widget\" data-widget_type=\"heading.default\">\n\t\t\t\t<div class=\"elementor-widget-container\">\n\t\t\t\t\t<h2 class=\"elementor-heading-title elementor-size-default\">Interiorisme i rehabilitaci\u00f3<\/h2>\t\t\t\t<\/div>\n\t\t\t\t<\/div>\n\t\t\t\t<div class=\"elementor-element elementor-element-32d63d6 elementor-widget elementor-widget-text-editor\" data-id=\"32d63d6\" data-element_type=\"widget\" data-e-type=\"widget\" data-widget_type=\"text-editor.default\">\n\t\t\t\t<div class=\"elementor-widget-container\">\n\t\t\t\t\t\t\t\t\t<p>Transformaci\u00f3 d&#8217;espais existents des d&#8217;una visi\u00f3 arquitect\u00f2nica integral.<\/p>\t\t\t\t\t\t\t\t<\/div>\n\t\t\t\t<\/div>\n\t\t\t\t<div class=\"elementor-element elementor-element-08c1274 elementor-widget elementor-widget-button\" data-id=\"08c1274\" data-element_type=\"widget\" data-e-type=\"widget\" data-widget_type=\"button.default\">\n\t\t\t\t<div class=\"elementor-widget-container\">\n\t\t\t\t\t\t\t\t\t<div class=\"elementor-button-wrapper\">\n\t\t\t\t\t<a class=\"elementor-button elementor-button-link elementor-size-sm\" href=\"https:\/\/black-house.com\/ca\/interiorisme-i-rehabilitacio\/\">\n\t\t\t\t\t\t<span class=\"elementor-button-content-wrapper\">\n\t\t\t\t\t\t\t\t\t<span class=\"elementor-button-text\">M\u00e9s informaci\u00f3<\/span>\n\t\t\t\t\t<\/span>\n\t\t\t\t\t<\/a>\n\t\t\t\t<\/div>\n\t\t\t\t\t\t\t\t<\/div>\n\t\t\t\t<\/div>\n\t\t\t\t\t<\/div>\n\t\t<\/div>\n\t\t\t\t\t<\/div>\n\t\t<\/section>\n\t\t\t\t<section class=\"elementor-section elementor-top-section elementor-element elementor-element-c100ae5 elementor-section-height-min-height elementor-section-items-bottom elementor-section-full_width elementor-section-height-default\" data-id=\"c100ae5\" data-element_type=\"section\" data-e-type=\"section\" data-settings=\"{&quot;background_background&quot;:&quot;classic&quot;}\">\n\t\t\t\t\t\t<div class=\"elementor-container elementor-column-gap-no\">\n\t\t\t\t\t<div class=\"elementor-column elementor-col-50 elementor-top-column elementor-element elementor-element-2ed8429\" data-id=\"2ed8429\" data-element_type=\"column\" data-e-type=\"column\">\n\t\t\t<div class=\"elementor-widget-wrap elementor-element-populated\">\n\t\t\t\t\t\t<div class=\"elementor-element elementor-element-5ddc345 elementor-hidden-desktop elementor-hidden-tablet elementor-widget elementor-widget-image\" data-id=\"5ddc345\" data-element_type=\"widget\" data-e-type=\"widget\" data-widget_type=\"image.default\">\n\t\t\t\t<div class=\"elementor-widget-container\">\n\t\t\t\t\t\t\t\t\t\t\t\t\t\t\t<img decoding=\"async\" width=\"800\" height=\"450\" src=\"https:\/\/black-house.com\/wp-content\/uploads\/2023\/07\/blackhouse-teia-1-1024x576.jpg\" class=\"attachment-large size-large wp-image-953\" alt=\"Projecte d&#039;interiorisme contemporani amb disseny integral i espais lluminosos\" srcset=\"https:\/\/black-house.com\/wp-content\/uploads\/2023\/07\/blackhouse-teia-1-1024x576.jpg 1024w, https:\/\/black-house.com\/wp-content\/uploads\/2023\/07\/blackhouse-teia-1-300x169.jpg 300w, https:\/\/black-house.com\/wp-content\/uploads\/2023\/07\/blackhouse-teia-1-768x432.jpg 768w, https:\/\/black-house.com\/wp-content\/uploads\/2023\/07\/blackhouse-teia-1-1536x864.jpg 1536w, https:\/\/black-house.com\/wp-content\/uploads\/2023\/07\/blackhouse-teia-1.jpg 1920w\" sizes=\"(max-width: 800px) 100vw, 800px\" \/>\t\t\t\t\t\t\t\t\t\t\t\t\t\t\t<\/div>\n\t\t\t\t<\/div>\n\t\t\t\t\t<\/div>\n\t\t<\/div>\n\t\t\t\t<div class=\"elementor-column elementor-col-50 elementor-top-column elementor-element elementor-element-5ec55d6\" data-id=\"5ec55d6\" data-element_type=\"column\" data-e-type=\"column\" data-settings=\"{&quot;background_background&quot;:&quot;classic&quot;}\">\n\t\t\t<div class=\"elementor-widget-wrap elementor-element-populated\">\n\t\t\t\t\t\t<div class=\"elementor-element elementor-element-e788352 elementor-widget elementor-widget-heading\" data-id=\"e788352\" data-element_type=\"widget\" data-e-type=\"widget\" data-widget_type=\"heading.default\">\n\t\t\t\t<div class=\"elementor-widget-container\">\n\t\t\t\t\t<h2 class=\"elementor-heading-title elementor-size-default\">Boutique hotel<\/h2>\t\t\t\t<\/div>\n\t\t\t\t<\/div>\n\t\t\t\t<div class=\"elementor-element elementor-element-8911d26 elementor-widget elementor-widget-text-editor\" data-id=\"8911d26\" data-element_type=\"widget\" data-e-type=\"widget\" data-widget_type=\"text-editor.default\">\n\t\t\t\t<div class=\"elementor-widget-container\">\n\t\t\t\t\t\t\t\t\t<p>Hotels boutique concebuts des del concepte, l&#8217;arquitectura i l&#8217;experi\u00e8ncia de l&#8217;usuari.<\/p>\t\t\t\t\t\t\t\t<\/div>\n\t\t\t\t<\/div>\n\t\t\t\t<div class=\"elementor-element elementor-element-f3e2614 elementor-widget elementor-widget-button\" data-id=\"f3e2614\" data-element_type=\"widget\" data-e-type=\"widget\" data-widget_type=\"button.default\">\n\t\t\t\t<div class=\"elementor-widget-container\">\n\t\t\t\t\t\t\t\t\t<div class=\"elementor-button-wrapper\">\n\t\t\t\t\t<a class=\"elementor-button elementor-button-link elementor-size-sm\" href=\"https:\/\/black-house.com\/ca\/boutique-hotel\/\">\n\t\t\t\t\t\t<span class=\"elementor-button-content-wrapper\">\n\t\t\t\t\t\t\t\t\t<span class=\"elementor-button-text\">M\u00e9s informaci\u00f3<\/span>\n\t\t\t\t\t<\/span>\n\t\t\t\t\t<\/a>\n\t\t\t\t<\/div>\n\t\t\t\t\t\t\t\t<\/div>\n\t\t\t\t<\/div>\n\t\t\t\t\t<\/div>\n\t\t<\/div>\n\t\t\t\t\t<\/div>\n\t\t<\/section>\n\t\t\t\t<\/div>\n\t\t","protected":false},"excerpt":{"rendered":"<p>Cases unifamiliars de disseny Habitatges unifamiliars projectats a mesura, des de l&#8217;arquitectura i l&#8217;\u00fas real de l&#8217;espai. M\u00e9s informaci\u00f3 Interiorisme i rehabilitaci\u00f3 Transformaci\u00f3 d&#8217;espais existents des d&#8217;una visi\u00f3 arquitect\u00f2nica integral. M\u00e9s informaci\u00f3 Boutique hotel Hotels boutique concebuts des del concepte, l&#8217;arquitectura i l&#8217;experi\u00e8ncia de l&#8217;usuari. M\u00e9s informaci\u00f3<\/p>\n","protected":false},"author":23,"featured_media":0,"parent":0,"menu_order":0,"comment_status":"closed","ping_status":"closed","template":"","meta":{"footnotes":""},"class_list":["post-982","page","type-page","status-publish","hentry"],"acf":[],"_links":{"self":[{"href":"https:\/\/black-house.com\/ca\/wp-json\/wp\/v2\/pages\/982","targetHints":{"allow":["GET"]}}],"collection":[{"href":"https:\/\/black-house.com\/ca\/wp-json\/wp\/v2\/pages"}],"about":[{"href":"https:\/\/black-house.com\/ca\/wp-json\/wp\/v2\/types\/page"}],"author":[{"embeddable":true,"href":"https:\/\/black-house.com\/ca\/wp-json\/wp\/v2\/users\/23"}],"replies":[{"embeddable":true,"href":"https:\/\/black-house.com\/ca\/wp-json\/wp\/v2\/comments?post=982"}],"version-history":[{"count":1,"href":"https:\/\/black-house.com\/ca\/wp-json\/wp\/v2\/pages\/982\/revisions"}],"predecessor-version":[{"id":983,"href":"https:\/\/black-house.com\/ca\/wp-json\/wp\/v2\/pages\/982\/revisions\/983"}],"wp:attachment":[{"href":"https:\/\/black-house.com\/ca\/wp-json\/wp\/v2\/media?parent=982"}],"curies":[{"name":"wp","href":"https:\/\/api.w.org\/{rel}","templated":true}]}}