{"id":966,"date":"2023-07-31T10:31:17","date_gmt":"2023-07-31T08:31:17","guid":{"rendered":"https:\/\/black-house.com\/politica-privacitat\/"},"modified":"2026-03-29T09:13:05","modified_gmt":"2026-03-29T07:13:05","slug":"politica-privacitat","status":"publish","type":"page","link":"https:\/\/black-house.com\/ca\/politica-privacitat\/","title":{"rendered":"Pol\u00edtica privacitat"},"content":{"rendered":"\t\t<div data-elementor-type=\"wp-page\" data-elementor-id=\"966\" class=\"elementor elementor-966 elementor-574\" data-elementor-post-type=\"page\">\n\t\t\t\t\t\t<section class=\"elementor-section elementor-top-section elementor-element elementor-element-10e6b1f1 elementor-section-boxed elementor-section-height-default elementor-section-height-default\" data-id=\"10e6b1f1\" data-element_type=\"section\" data-e-type=\"section\" data-settings=\"{&quot;background_background&quot;:&quot;classic&quot;}\">\n\t\t\t\t\t\t<div class=\"elementor-container elementor-column-gap-default\">\n\t\t\t\t\t<div class=\"elementor-column elementor-col-100 elementor-top-column elementor-element elementor-element-15f8fcd9\" data-id=\"15f8fcd9\" data-element_type=\"column\" data-e-type=\"column\">\n\t\t\t<div class=\"elementor-widget-wrap elementor-element-populated\">\n\t\t\t\t\t\t<div class=\"elementor-element elementor-element-a582ef5 elementor-widget elementor-widget-heading\" data-id=\"a582ef5\" data-element_type=\"widget\" data-e-type=\"widget\" data-widget_type=\"heading.default\">\n\t\t\t\t<div class=\"elementor-widget-container\">\n\t\t\t\t\t<h2 class=\"elementor-heading-title elementor-size-default\">pol\u00edtica de privacitat<\/h2>\t\t\t\t<\/div>\n\t\t\t\t<\/div>\n\t\t\t\t<div class=\"elementor-element elementor-element-7f44847f elementor-widget elementor-widget-text-editor\" data-id=\"7f44847f\" data-element_type=\"widget\" data-e-type=\"widget\" data-widget_type=\"text-editor.default\">\n\t\t\t\t<div class=\"elementor-widget-container\">\n\t\t\t\t\t\t\t\t\t<p data-start=\"664\" data-end=\"986\">L&#8217;empresa titular del lloc web <a class=\"decorated-link\" href=\"https:\/\/black-house.com\" target=\"_new\" rel=\"noopener\" data-start=\"699\" data-end=\"718\"><strong data-start=\"901\" data-end=\"915\">www.black-house.com<\/strong><\/a> (d&#8217;ara endavant, el Lloc web) \u00e9s <strong data-start=\"697\" data-end=\"720\">The Black House Projects, S.L<\/strong>., amb domicili en <strong data-start=\"752\" data-end=\"786\">Av. del Bell Indret, 30 \u2013 08195 Sant Cugat del Vall\u00e8s, Barcelona (Espanya)<\/strong> i n\u00famero de CIF <strong data-start=\"805\" data-end=\"884\">B-67658922<\/strong>, dedicada a la prestaci\u00f3 de serveis d&#8217;arquitectura i interiorisme.<\/p><p data-start=\"988\" data-end=\"1375\">The Black House Projects, S.L. garanteix la protecci\u00f3 de les dades de car\u00e0cter personal que proporcioni l&#8217;usuari a trav\u00e9s del Lloc web, en compliment del que es disposa en el <strong data-start=\"1166\" data-end=\"1233\">Reglament (UE) 2016\/679, General de Protecci\u00f3 de Dades (RGPD)<\/strong>, en la <strong data-start=\"1241\" data-end=\"1346\">Llei org\u00e0nica 3\/2018, de Protecci\u00f3 de Dades Personals i garantia dels drets digitals (LOPDGDD)<\/strong> i altra normativa aplicable.<\/p><h2 data-start=\"1382\" data-end=\"1420\">Tractament de les dades personals<\/h2><p data-start=\"1422\" data-end=\"1707\">Les dades de car\u00e0cter personal facilitats pels usuaris seran tractats per The Black House Projects, S.L., quedant incorporats sota la seva responsabilitat, amb la finalitat de gestionar les consultes, sol\u00b7licituds o comunicacions realitzades per l&#8217;usuari a trav\u00e9s del Lloc web.<\/p><p data-start=\"1709\" data-end=\"2028\">Quan per a accedir a determinats continguts o serveis sigui necessari facilitar dades de car\u00e0cter personal, els usuaris garanteixen la seva veracitat, exactitud, autenticitat i vig\u00e8ncia. The Black House Projects, S.L. donar\u00e0 a aquestes dades el tractament automatitzat que correspongui en funci\u00f3 de la seva naturalesa i finalitat. <\/p><h2 data-start=\"2035\" data-end=\"2063\">Finalitat del tractament<\/h2><p data-start=\"2065\" data-end=\"2131\">Les dades personals s\u00f3n recaptats amb les seg\u00fcents finalitats:<\/p><ul data-start=\"2133\" data-end=\"2413\"><li data-start=\"2133\" data-end=\"2211\"><p data-start=\"2135\" data-end=\"2211\">La gesti\u00f3, estudi i resoluci\u00f3 de consultes realitzades pels usuaris.<\/p><\/li><li data-start=\"2212\" data-end=\"2329\"><p data-start=\"2214\" data-end=\"2329\">L&#8217;enviament de comunicacions relacionades amb l&#8217;activitat, productes o serveis de The Black House Projects, S.L.<\/p><\/li><li data-start=\"2330\" data-end=\"2413\"><p data-start=\"2332\" data-end=\"2413\">La gesti\u00f3 de les relacions derivades de l&#8217;activitat professional de l&#8217;empresa.<\/p><\/li><\/ul><h2 data-start=\"2420\" data-end=\"2448\">Conservaci\u00f3 de les dades<\/h2><p data-start=\"2450\" data-end=\"2631\">Les dades personals es conservaran durant el temps necessari per a complir amb la finalitat per a la qual van ser recaptats i, posteriorment, durant els terminis legalment exigits.<\/p><h2 data-start=\"2638\" data-end=\"2661\">Mesures de seguretat<\/h2><p data-start=\"2663\" data-end=\"2927\">En la recollida i tractament de les dades de car\u00e0cter personal s&#8217;han adoptat les mesures de seguretat necess\u00e0ries per a evitar la seva p\u00e8rdua, acc\u00e9s no autoritzat o manipulaci\u00f3, d&#8217;acord amb el que s&#8217;estableix en la normativa vigent en mat\u00e8ria de protecci\u00f3 de dades.<\/p><h2 data-start=\"2934\" data-end=\"2953\">Confidencialitat<\/h2><p data-start=\"2955\" data-end=\"3135\">The Black House Projects, S.L. es compromet a protegir la informaci\u00f3 confidencial a la qual tingui acc\u00e9s a conseq\u00fc\u00e8ncia del tractament de les dades personals dels usuaris.<\/p><h2 data-start=\"3142\" data-end=\"3177\">Comunicaci\u00f3 de dades a tercers<\/h2><p data-start=\"3179\" data-end=\"3439\">The Black House Projects, S.L. no emprar\u00e0 en cap cas les dades de car\u00e0cter personal que l&#8217;usuari posi a la seva disposici\u00f3 per a prestar serveis a tercers distints dels referits en el present document, ni per a fins distints dels aqu\u00ed descrits.<\/p><h2 data-start=\"3446\" data-end=\"3469\">Drets de l&#8217;usuari<\/h2><p data-start=\"3471\" data-end=\"3533\">L&#8217;usuari pot exercir en qualsevol moment els seus drets de:<\/p><ul data-start=\"3535\" data-end=\"3652\"><li data-start=\"3535\" data-end=\"3545\"><p data-start=\"3537\" data-end=\"3545\">Acc\u00e9s<br><\/p><\/li><li data-start=\"3546\" data-end=\"3563\"><p data-start=\"3548\" data-end=\"3563\">Rectificaci\u00f3<\/p><\/li><li data-start=\"3564\" data-end=\"3577\"><p data-start=\"3566\" data-end=\"3577\">Supressi\u00f3<\/p><\/li><li data-start=\"3578\" data-end=\"3591\"><p data-start=\"3580\" data-end=\"3591\">Oposici\u00f3<\/p><\/li><li data-start=\"3592\" data-end=\"3622\"><p data-start=\"3594\" data-end=\"3622\">Limitaci\u00f3 del tractament<\/p><\/li><li data-start=\"3623\" data-end=\"3652\"><p data-start=\"3625\" data-end=\"3652\">Portabilitat de les dades<\/p><\/li><\/ul><p data-start=\"3654\" data-end=\"3919\">Aix\u00ed com revocar el consentiment prestat per a qualsevol de les finalitats indicades, mitjan\u00e7ant comunicaci\u00f3 escrita dirigida a <strong data-start=\"3785\" data-end=\"3819\">The Black House Projects, S.L.<\/strong> a l&#8217;adre\u00e7a postal indicada m\u00e9s amunt, acompanyant c\u00f2pia d&#8217;un document que acrediti la seva identitat.<\/p><h2 data-start=\"3926\" data-end=\"3948\">Pol\u00edtica de cookies<\/h2><p data-start=\"3950\" data-end=\"4158\">El Lloc web utilitza cookies. La informaci\u00f3 relativa a l&#8217;\u00fas de cookies es troba disponible en la <strong data-start=\"4052\" data-end=\"4075\"><a href=\"https:\/\/black-house.com\/ca\/politica-de-cookies\/\">Pol\u00edtica de Cookies<\/a><\/strong>, on l&#8217;usuari pot consultar de manera detallada la seva finalitat i configuraci\u00f3. <\/p><h2 data-start=\"4165\" data-end=\"4211\">Modificacions de la pol\u00edtica de privacitat<\/h2><p data-start=\"4213\" data-end=\"4458\">The Black House Projects, S.L. es reserva el dret a modificar la present Pol\u00edtica de Privacitat per a adaptar-la a novetats legislatives o a canvis en el funcionament del Lloc web. Les modificacions seran publicades en aquesta mateixa p\u00e0gina. <\/p>\t\t\t\t\t\t\t\t<\/div>\n\t\t\t\t<\/div>\n\t\t\t\t\t<\/div>\n\t\t<\/div>\n\t\t\t\t\t<\/div>\n\t\t<\/section>\n\t\t\t\t<\/div>\n\t\t","protected":false},"excerpt":{"rendered":"<p>pol\u00edtica de privacitat L&#8217;empresa titular del lloc web www.black-house.com (d&#8217;ara endavant, el Lloc web) \u00e9s The Black House Projects, S.L., amb domicili en Av. del Bell Indret, 30 \u2013 08195 Sant Cugat del Vall\u00e8s, Barcelona (Espanya) i n\u00famero de CIF B-67658922, dedicada a la prestaci\u00f3 de serveis d&#8217;arquitectura i interiorisme. The Black House Projects, S.L. [&hellip;]<\/p>\n","protected":false},"author":23,"featured_media":0,"parent":0,"menu_order":0,"comment_status":"closed","ping_status":"closed","template":"","meta":{"footnotes":""},"class_list":["post-966","page","type-page","status-publish","hentry"],"acf":[],"_links":{"self":[{"href":"https:\/\/black-house.com\/ca\/wp-json\/wp\/v2\/pages\/966","targetHints":{"allow":["GET"]}}],"collection":[{"href":"https:\/\/black-house.com\/ca\/wp-json\/wp\/v2\/pages"}],"about":[{"href":"https:\/\/black-house.com\/ca\/wp-json\/wp\/v2\/types\/page"}],"author":[{"embeddable":true,"href":"https:\/\/black-house.com\/ca\/wp-json\/wp\/v2\/users\/23"}],"replies":[{"embeddable":true,"href":"https:\/\/black-house.com\/ca\/wp-json\/wp\/v2\/comments?post=966"}],"version-history":[{"count":2,"href":"https:\/\/black-house.com\/ca\/wp-json\/wp\/v2\/pages\/966\/revisions"}],"predecessor-version":[{"id":1420,"href":"https:\/\/black-house.com\/ca\/wp-json\/wp\/v2\/pages\/966\/revisions\/1420"}],"wp:attachment":[{"href":"https:\/\/black-house.com\/ca\/wp-json\/wp\/v2\/media?parent=966"}],"curies":[{"name":"wp","href":"https:\/\/api.w.org\/{rel}","templated":true}]}}