{"id":964,"date":"2023-07-31T10:34:45","date_gmt":"2023-07-31T08:34:45","guid":{"rendered":"https:\/\/black-house.com\/politica-de-cookies\/"},"modified":"2026-03-29T09:13:23","modified_gmt":"2026-03-29T07:13:23","slug":"politica-de-cookies","status":"publish","type":"page","link":"https:\/\/black-house.com\/ca\/politica-de-cookies\/","title":{"rendered":"Pol\u00edtica de cookies"},"content":{"rendered":"\t\t<div data-elementor-type=\"wp-page\" data-elementor-id=\"964\" class=\"elementor elementor-964 elementor-581\" data-elementor-post-type=\"page\">\n\t\t\t\t\t\t<section class=\"elementor-section elementor-top-section elementor-element elementor-element-10e6b1f1 elementor-section-boxed elementor-section-height-default elementor-section-height-default\" data-id=\"10e6b1f1\" data-element_type=\"section\" data-e-type=\"section\" data-settings=\"{&quot;background_background&quot;:&quot;classic&quot;}\">\n\t\t\t\t\t\t<div class=\"elementor-container elementor-column-gap-default\">\n\t\t\t\t\t<div class=\"elementor-column elementor-col-100 elementor-top-column elementor-element elementor-element-15f8fcd9\" data-id=\"15f8fcd9\" data-element_type=\"column\" data-e-type=\"column\">\n\t\t\t<div class=\"elementor-widget-wrap elementor-element-populated\">\n\t\t\t\t\t\t<div class=\"elementor-element elementor-element-a582ef5 elementor-widget elementor-widget-heading\" data-id=\"a582ef5\" data-element_type=\"widget\" data-e-type=\"widget\" data-widget_type=\"heading.default\">\n\t\t\t\t<div class=\"elementor-widget-container\">\n\t\t\t\t\t<h2 class=\"elementor-heading-title elementor-size-default\">Pol\u00edtica de cookies<\/h2>\t\t\t\t<\/div>\n\t\t\t\t<\/div>\n\t\t\t\t<div class=\"elementor-element elementor-element-7f44847f elementor-widget elementor-widget-text-editor\" data-id=\"7f44847f\" data-element_type=\"widget\" data-e-type=\"widget\" data-widget_type=\"text-editor.default\">\n\t\t\t\t<div class=\"elementor-widget-container\">\n\t\t\t\t\t\t\t\t\t<p>Per a emmagatzemar i recuperar informaci\u00f3 sobre la navegaci\u00f3 que s&#8217;efectues des del teu equip.<br>Per a con\u00e8ixer m\u00e9s informaci\u00f3 sobre les cookies pots accedir aqu\u00ed: http:\/\/www.iabspain.net\/privacidadeninternet\/usuario.<br>A continuaci\u00f3 pots veure m\u00e9s informaci\u00f3 sobre les cookies que utilitza la web de https:\/\/black-house.com\/:<br><br>[wcc_category_list]<br><\/p>\n<h4>GESTI\u00d3 DEL CONSENTIMENT<\/h4>\n<p>L&#8217;usuari pot acceptar, rebutjar o configurar l&#8217;\u00fas de cookies en qualsevol moment a trav\u00e9s del b\u00e0ner de cookies o del bot\u00f3 de configuraci\u00f3 habilitat en el lloc web.<br>El consentiment atorgat pot modificar-se o retirar-se en qualsevol moment, sense que aix\u00f2 afecti la licitud del tractament basat en el consentiment previ.<br>Aix\u00ed mateix, l&#8217;usuari pot eliminar les cookies des del seu navegador seguint les instruccions del prove\u00efdor d&#8217;aquest.<\/p>\n\n<h4>BASE LEGAL DEL TRACTAMENT<\/h4>\n<p>La base legal per a l&#8217;\u00fas de cookies t\u00e8cniques \u00e9s l&#8217;inter\u00e8s leg\u00edtim del titular del lloc web.<br>La base legal per a l&#8217;\u00fas de cookies no necess\u00e0ries (anal\u00edtiques, funcionals o de tercers) \u00e9s el consentiment de l&#8217;usuari, conforme al Reglament (UE) 2016\/679 (RGPD) i a les directrius de l&#8217;Ag\u00e8ncia Espanyola de Protecci\u00f3 de Dades (AEPD).<\/p>\n\n<h4>INFORMACI\u00d3 ADDICIONAL<\/h4>\n<p>Per a m\u00e9s informaci\u00f3 sobre el tractament de dades personals, l&#8217;usuari pot consultar la Pol\u00edtica de Privacitat del lloc web.<\/p>\t\t\t\t\t\t\t\t<\/div>\n\t\t\t\t<\/div>\n\t\t\t\t\t<\/div>\n\t\t<\/div>\n\t\t\t\t\t<\/div>\n\t\t<\/section>\n\t\t\t\t<\/div>\n\t\t","protected":false},"excerpt":{"rendered":"<p>Pol\u00edtica de cookies Per a emmagatzemar i recuperar informaci\u00f3 sobre la navegaci\u00f3 que s&#8217;efectues des del teu equip. Per a con\u00e8ixer m\u00e9s informaci\u00f3 sobre les cookies pots accedir aqu\u00ed: http:\/\/www.iabspain.net\/privacidadeninternet\/usuario. A continuaci\u00f3 pots veure m\u00e9s informaci\u00f3 sobre les cookies que utilitza la web de https:\/\/black-house.com\/: [wcc_category_list] GESTI\u00d3 DEL CONSENTIMENT L&#8217;usuari pot acceptar, rebutjar o configurar [&hellip;]<\/p>\n","protected":false},"author":23,"featured_media":0,"parent":0,"menu_order":0,"comment_status":"closed","ping_status":"closed","template":"","meta":{"footnotes":""},"class_list":["post-964","page","type-page","status-publish","hentry"],"acf":[],"_links":{"self":[{"href":"https:\/\/black-house.com\/ca\/wp-json\/wp\/v2\/pages\/964","targetHints":{"allow":["GET"]}}],"collection":[{"href":"https:\/\/black-house.com\/ca\/wp-json\/wp\/v2\/pages"}],"about":[{"href":"https:\/\/black-house.com\/ca\/wp-json\/wp\/v2\/types\/page"}],"author":[{"embeddable":true,"href":"https:\/\/black-house.com\/ca\/wp-json\/wp\/v2\/users\/23"}],"replies":[{"embeddable":true,"href":"https:\/\/black-house.com\/ca\/wp-json\/wp\/v2\/comments?post=964"}],"version-history":[{"count":2,"href":"https:\/\/black-house.com\/ca\/wp-json\/wp\/v2\/pages\/964\/revisions"}],"predecessor-version":[{"id":1421,"href":"https:\/\/black-house.com\/ca\/wp-json\/wp\/v2\/pages\/964\/revisions\/1421"}],"wp:attachment":[{"href":"https:\/\/black-house.com\/ca\/wp-json\/wp\/v2\/media?parent=964"}],"curies":[{"name":"wp","href":"https:\/\/api.w.org\/{rel}","templated":true}]}}