{"id":962,"date":"2023-07-31T09:51:21","date_gmt":"2023-07-31T07:51:21","guid":{"rendered":"https:\/\/black-house.com\/avis-legal\/"},"modified":"2026-03-29T09:13:40","modified_gmt":"2026-03-29T07:13:40","slug":"avis-legal","status":"publish","type":"page","link":"https:\/\/black-house.com\/ca\/avis-legal\/","title":{"rendered":"Av\u00eds Legal"},"content":{"rendered":"\t\t<div data-elementor-type=\"wp-page\" data-elementor-id=\"962\" class=\"elementor elementor-962 elementor-525\" data-elementor-post-type=\"page\">\n\t\t\t\t\t\t<section class=\"elementor-section elementor-top-section elementor-element elementor-element-10e6b1f1 elementor-section-boxed elementor-section-height-default elementor-section-height-default\" data-id=\"10e6b1f1\" data-element_type=\"section\" data-e-type=\"section\" data-settings=\"{&quot;background_background&quot;:&quot;classic&quot;}\">\n\t\t\t\t\t\t<div class=\"elementor-container elementor-column-gap-default\">\n\t\t\t\t\t<div class=\"elementor-column elementor-col-100 elementor-top-column elementor-element elementor-element-15f8fcd9\" data-id=\"15f8fcd9\" data-element_type=\"column\" data-e-type=\"column\">\n\t\t\t<div class=\"elementor-widget-wrap elementor-element-populated\">\n\t\t\t\t\t\t<div class=\"elementor-element elementor-element-a582ef5 elementor-widget elementor-widget-heading\" data-id=\"a582ef5\" data-element_type=\"widget\" data-e-type=\"widget\" data-widget_type=\"heading.default\">\n\t\t\t\t<div class=\"elementor-widget-container\">\n\t\t\t\t\t<h2 class=\"elementor-heading-title elementor-size-default\">AV\u00cdS LEGAL<\/h2>\t\t\t\t<\/div>\n\t\t\t\t<\/div>\n\t\t\t\t<div class=\"elementor-element elementor-element-7f44847f elementor-widget elementor-widget-text-editor\" data-id=\"7f44847f\" data-element_type=\"widget\" data-e-type=\"widget\" data-widget_type=\"text-editor.default\">\n\t\t\t\t<div class=\"elementor-widget-container\">\n\t\t\t\t\t\t\t\t\t<p data-start=\"696\" data-end=\"1002\">En compliment amb el deure d&#8217;informaci\u00f3 establert en la <strong data-start=\"758\" data-end=\"871\">Llei 34\/2002<\/strong>, d&#8217;11 de juliol, de <strong data-start=\"950\" data-end=\"973\">Serveis de la Societat de la Informaci\u00f3 i de Comer\u00e7 Electr\u00f2nic (LSSICE)<\/strong>, s&#8217;informa de les seg\u00fcents dades identificatives del titular del lloc web <a class=\"decorated-link\" href=\"https:\/\/black-house.com\" target=\"_new\" rel=\"noopener\" data-start=\"952\" data-end=\"971\">www.black-house.com<\/a> (d&#8217;ara endavant, el Lloc web):<\/p><p data-start=\"1004\" data-end=\"1265\"><strong data-start=\"1004\" data-end=\"1016\">Titular<\/strong>: The Black House Projects, S.L.<br data-start=\"1047\" data-end=\"1050\"><strong data-start=\"1050\" data-end=\"1058\">CIF<\/strong>: B-67658922<br data-start=\"1069\" data-end=\"1072\"><strong data-start=\"1072\" data-end=\"1093\">Domicili social<\/strong>: Av. del Bell Indret, 30 \u2013 08195 Sant Cugat del Vall\u00e8s, Barcelona (Espanya)<br data-start=\"1169\" data-end=\"1172\"><strong data-start=\"1172\" data-end=\"1195\">Registre Mercantil<\/strong>: Registre Mercantil de Barcelona, Tom 48048, Foli 102, Fulla B-570630<\/p><h2 data-start=\"1272\" data-end=\"1286\">1. Usuaris<\/h2><p data-start=\"1288\" data-end=\"1431\">L&#8217;acc\u00e9s i\/o \u00fas del Lloc web atribueix la condici\u00f3 d&#8217;<strong data-start=\"1345\" data-end=\"1356\">USUARI<\/strong>, que accepta, des d&#8217;aquest acc\u00e9s i\/o \u00fas, les presents condicions d&#8217;\u00fas.<\/p><h2 data-start=\"1438\" data-end=\"1461\">2. \u00das del lloc web<\/h2><p data-start=\"1463\" data-end=\"1605\">El Lloc web proporciona l&#8217;acc\u00e9s a continguts i informaci\u00f3 relacionats amb l&#8217;activitat professional de <strong data-start=\"1570\" data-end=\"1604\">The Black House Projects, S.L<\/strong>..<\/p><p data-start=\"1607\" data-end=\"1789\">L&#8217;USUARI es compromet a fer un \u00fas adequat dels continguts i serveis oferts a trav\u00e9s del Lloc web i, amb car\u00e0cter enunciatiu per\u00f2 no limitatiu, a no utilitzar-los per a:<\/p><ul data-start=\"1791\" data-end=\"2114\"><li data-start=\"1791\" data-end=\"1881\"><p data-start=\"1793\" data-end=\"1881\">Realitzar activitats il\u00b7l\u00edcites, il\u00b7legals o contr\u00e0ries a la bona fe i a l&#8217;ordre p\u00fablic.<\/p><\/li><li data-start=\"1882\" data-end=\"2002\"><p data-start=\"1884\" data-end=\"2002\">Difondre continguts de car\u00e0cter discriminatori, xen\u00f2fob, racista, pornogr\u00e0fic o contrari als drets humans.<\/p><\/li><li data-start=\"2003\" data-end=\"2114\"><p data-start=\"2005\" data-end=\"2114\">Provocar danys en els sistemes f\u00edsics o l\u00f2gics del titular del lloc web, dels seus prove\u00efdors o de tercers.<\/p><\/li><\/ul><h2 data-start=\"2121\" data-end=\"2161\">3. Propietat intel\u00b7lectual i industrial<\/h2><p data-start=\"2163\" data-end=\"2524\">Tots els continguts del Lloc web, entenent per aquests a t\u00edtol enunciatiu textos, imatges, fotografies, disseny gr\u00e0fic, logotips, marques, estructura i codi font, s\u00f3n titularitat de <strong data-start=\"2355\" data-end=\"2389\">The Black House Projects, S.L<\/strong>. o de tercers que han autoritzat el seu \u00fas, i estan protegits per la normativa vigent en mat\u00e8ria de propietat intel\u00b7lectual i industrial.<\/p><p data-start=\"2526\" data-end=\"2696\">Queda expressament prohibida la reproducci\u00f3, distribuci\u00f3, comunicaci\u00f3 p\u00fablica o transformaci\u00f3 dels continguts del Lloc web sense l&#8217;autoritzaci\u00f3 expressa del titular.<\/p><h2 data-start=\"2703\" data-end=\"2739\">4. Protecci\u00f3 de dades personals<\/h2><p data-start=\"2741\" data-end=\"2973\">El tractament de les dades personals de l&#8217;USUARI es regeix pel que es disposa en el <strong data-start=\"2823\" data-end=\"2858\">Reglament (UE) 2016\/679 (RGPD)<\/strong> i en la <strong data-start=\"2867\" data-end=\"2972\">Llei org\u00e0nica 3\/2018, de Protecci\u00f3 de Dades Personals i garantia dels drets digitals (LOPDGDD)<\/strong>.<\/p><p data-start=\"2975\" data-end=\"3116\">La informaci\u00f3 detallada sobre el tractament de les dades personals es troba disponible en la <strong data-start=\"3075\" data-end=\"3101\">Pol\u00edtica de Privacitat<\/strong> del Lloc web.<\/p><h2 data-start=\"3123\" data-end=\"3148\">5. Pol\u00edtica de cookies<\/h2><p data-start=\"3150\" data-end=\"3306\">El Lloc web utilitza cookies. La informaci\u00f3 relativa a l&#8217;\u00fas de cookies, la seva finalitat i configuraci\u00f3 es troba disponible en la <strong data-start=\"3282\" data-end=\"3305\">Pol\u00edtica de Cookies<\/strong>. <\/p><h2 data-start=\"3313\" data-end=\"3359\">6. Exclusi\u00f3 de garanties i responsabilitat<\/h2><p data-start=\"3361\" data-end=\"3508\">The Black House Projects, S.L. no es fa responsable, en cap cas, dels danys i perjudicis de qualsevol naturalesa que poguessin derivar-se de:<\/p><ul data-start=\"3510\" data-end=\"3724\"><li data-start=\"3510\" data-end=\"3552\"><p data-start=\"3512\" data-end=\"3552\">Errors o omissions en els continguts.<\/p><\/li><li data-start=\"3553\" data-end=\"3595\"><p data-start=\"3555\" data-end=\"3595\">Falta de disponibilitat del Lloc web.<\/p><\/li><li data-start=\"3596\" data-end=\"3724\"><p data-start=\"3598\" data-end=\"3724\">La transmissi\u00f3 de virus o altres programes maliciosos, malgrat haver adoptat les mesures tecnol\u00f2giques necess\u00e0ries per a evitar-ho.<\/p><\/li><\/ul><h2 data-start=\"3731\" data-end=\"3753\">7. Enlla\u00e7os externs<\/h2><p data-start=\"3755\" data-end=\"4013\">En el cas que en el Lloc web es disposessin enlla\u00e7os o enlla\u00e7os cap a altres llocs d&#8217;Internet, <strong data-start=\"3860\" data-end=\"3894\">The Black House Projects, S.L.<\/strong> no exercir\u00e0 cap mena de control sobre aquests llocs i continguts, ni assumir\u00e0 cap responsabilitat per aquests.<\/p><h2 data-start=\"4020\" data-end=\"4046\">8. Dret d&#8217;exclusi\u00f3<\/h2><p data-start=\"4048\" data-end=\"4232\">The Black House Projects, S.L. es reserva el dret a denegar o retirar l&#8217;acc\u00e9s al Lloc web, sense necessitat de preav\u00eds, a aquells usuaris que incompleixin les presents condicions.<\/p><h2 data-start=\"4239\" data-end=\"4259\">9. Modificacions<\/h2><p data-start=\"4261\" data-end=\"4425\">The Black House Projects, S.L. es reserva el dret a modificar el present Av\u00eds Legal en qualsevol moment, publicant-se les modificacions en aquesta mateixa p\u00e0gina.<\/p><h2 data-start=\"4432\" data-end=\"4475\">10. Legislaci\u00f3 aplicable i jurisdicci\u00f3<\/h2><p data-start=\"4477\" data-end=\"4760\">La relaci\u00f3 entre <strong data-start=\"4495\" data-end=\"4529\">The Black House Projects, S.L<\/strong>. i l&#8217;USUARI es regir\u00e0 per la normativa espanyola vigent.<br data-start=\"4587\" data-end=\"4590\">Per a la resoluci\u00f3 de qualsevol controv\u00e8rsia que pogu\u00e9s sorgir, les parts se sotmetran als jutjats i tribunals que corresponguin conforme a la legislaci\u00f3 aplicable.<\/p>\t\t\t\t\t\t\t\t<\/div>\n\t\t\t\t<\/div>\n\t\t\t\t\t<\/div>\n\t\t<\/div>\n\t\t\t\t\t<\/div>\n\t\t<\/section>\n\t\t\t\t<\/div>\n\t\t","protected":false},"excerpt":{"rendered":"<p>AV\u00cdS LEGAL En compliment amb el deure d&#8217;informaci\u00f3 establert en la Llei 34\/2002, d&#8217;11 de juliol, de Serveis de la Societat de la Informaci\u00f3 i de Comer\u00e7 Electr\u00f2nic (LSSICE), s&#8217;informa de les seg\u00fcents dades identificatives del titular del lloc web www.black-house.com (d&#8217;ara endavant, el Lloc web): Titular: The Black House Projects, S.L.CIF: B-67658922Domicili social: Av. [&hellip;]<\/p>\n","protected":false},"author":23,"featured_media":0,"parent":0,"menu_order":0,"comment_status":"closed","ping_status":"closed","template":"","meta":{"footnotes":""},"class_list":["post-962","page","type-page","status-publish","hentry"],"acf":[],"_links":{"self":[{"href":"https:\/\/black-house.com\/ca\/wp-json\/wp\/v2\/pages\/962","targetHints":{"allow":["GET"]}}],"collection":[{"href":"https:\/\/black-house.com\/ca\/wp-json\/wp\/v2\/pages"}],"about":[{"href":"https:\/\/black-house.com\/ca\/wp-json\/wp\/v2\/types\/page"}],"author":[{"embeddable":true,"href":"https:\/\/black-house.com\/ca\/wp-json\/wp\/v2\/users\/23"}],"replies":[{"embeddable":true,"href":"https:\/\/black-house.com\/ca\/wp-json\/wp\/v2\/comments?post=962"}],"version-history":[{"count":2,"href":"https:\/\/black-house.com\/ca\/wp-json\/wp\/v2\/pages\/962\/revisions"}],"predecessor-version":[{"id":1422,"href":"https:\/\/black-house.com\/ca\/wp-json\/wp\/v2\/pages\/962\/revisions\/1422"}],"wp:attachment":[{"href":"https:\/\/black-house.com\/ca\/wp-json\/wp\/v2\/media?parent=962"}],"curies":[{"name":"wp","href":"https:\/\/api.w.org\/{rel}","templated":true}]}}