{"id":952,"date":"2023-07-31T10:14:55","date_gmt":"2023-07-31T08:14:55","guid":{"rendered":"https:\/\/black-house.com\/interiorisme-i-rehabilitacio\/"},"modified":"2026-04-08T11:13:46","modified_gmt":"2026-04-08T09:13:46","slug":"interiorisme-i-rehabilitacio","status":"publish","type":"page","link":"https:\/\/black-house.com\/ca\/interiorisme-i-rehabilitacio\/","title":{"rendered":"Interiorisme i rehabilitaci\u00f3"},"content":{"rendered":"\t\t<div data-elementor-type=\"wp-page\" data-elementor-id=\"952\" class=\"elementor elementor-952 elementor-552\" data-elementor-settings=\"{&quot;scroll_snap&quot;:&quot;yes&quot;}\" data-elementor-post-type=\"page\">\n\t\t\t\t\t\t<section class=\"elementor-section elementor-top-section elementor-element elementor-element-c100ae5 elementor-section-height-min-height elementor-section-items-bottom elementor-section-full_width elementor-section-height-default\" data-id=\"c100ae5\" data-element_type=\"section\" data-e-type=\"section\" data-settings=\"{&quot;background_background&quot;:&quot;classic&quot;}\">\n\t\t\t\t\t\t<div class=\"elementor-container elementor-column-gap-no\">\n\t\t\t\t\t<div class=\"elementor-column elementor-col-50 elementor-top-column elementor-element elementor-element-2ed8429\" data-id=\"2ed8429\" data-element_type=\"column\" data-e-type=\"column\">\n\t\t\t<div class=\"elementor-widget-wrap elementor-element-populated\">\n\t\t\t\t\t\t<div class=\"elementor-element elementor-element-5ddc345 elementor-hidden-desktop elementor-hidden-tablet elementor-widget elementor-widget-image\" data-id=\"5ddc345\" data-element_type=\"widget\" data-e-type=\"widget\" data-widget_type=\"image.default\">\n\t\t\t\t<div class=\"elementor-widget-container\">\n\t\t\t\t\t\t\t\t\t\t\t\t\t\t\t<img fetchpriority=\"high\" decoding=\"async\" width=\"800\" height=\"450\" src=\"https:\/\/black-house.com\/wp-content\/uploads\/2023\/07\/blackhouse-teia-1-1024x576.jpg\" class=\"attachment-large size-large wp-image-953\" alt=\"Projecte d&#039;interiorisme contemporani amb disseny integral i espais lluminosos\" srcset=\"https:\/\/black-house.com\/wp-content\/uploads\/2023\/07\/blackhouse-teia-1-1024x576.jpg 1024w, https:\/\/black-house.com\/wp-content\/uploads\/2023\/07\/blackhouse-teia-1-300x169.jpg 300w, https:\/\/black-house.com\/wp-content\/uploads\/2023\/07\/blackhouse-teia-1-768x432.jpg 768w, https:\/\/black-house.com\/wp-content\/uploads\/2023\/07\/blackhouse-teia-1-1536x864.jpg 1536w, https:\/\/black-house.com\/wp-content\/uploads\/2023\/07\/blackhouse-teia-1.jpg 1920w\" sizes=\"(max-width: 800px) 100vw, 800px\" \/>\t\t\t\t\t\t\t\t\t\t\t\t\t\t\t<\/div>\n\t\t\t\t<\/div>\n\t\t\t\t\t<\/div>\n\t\t<\/div>\n\t\t\t\t<div class=\"elementor-column elementor-col-50 elementor-top-column elementor-element elementor-element-5ec55d6\" data-id=\"5ec55d6\" data-element_type=\"column\" data-e-type=\"column\" data-settings=\"{&quot;background_background&quot;:&quot;classic&quot;}\">\n\t\t\t<div class=\"elementor-widget-wrap elementor-element-populated\">\n\t\t\t\t\t\t<div class=\"elementor-element elementor-element-e788352 elementor-widget elementor-widget-heading\" data-id=\"e788352\" data-element_type=\"widget\" data-e-type=\"widget\" data-widget_type=\"heading.default\">\n\t\t\t\t<div class=\"elementor-widget-container\">\n\t\t\t\t\t<h1 class=\"elementor-heading-title elementor-size-default\">Interiorisme i rehabilitaci\u00f3\n<\/h1>\t\t\t\t<\/div>\n\t\t\t\t<\/div>\n\t\t\t\t<div class=\"elementor-element elementor-element-8911d26 elementor-widget elementor-widget-text-editor\" data-id=\"8911d26\" data-element_type=\"widget\" data-e-type=\"widget\" data-widget_type=\"text-editor.default\">\n\t\t\t\t<div class=\"elementor-widget-container\">\n\t\t\t\t\t\t\t\t\t<p>La teva vida canvia i les necessitats de la teva llar, tamb\u00e9.<\/p>\t\t\t\t\t\t\t\t<\/div>\n\t\t\t\t<\/div>\n\t\t\t\t<div class=\"elementor-element elementor-element-06c6c28 elementor-widget-divider--view-line elementor-widget elementor-widget-divider\" data-id=\"06c6c28\" data-element_type=\"widget\" data-e-type=\"widget\" data-widget_type=\"divider.default\">\n\t\t\t\t<div class=\"elementor-widget-container\">\n\t\t\t\t\t\t\t<div class=\"elementor-divider\">\n\t\t\t<span class=\"elementor-divider-separator\">\n\t\t\t\t\t\t<\/span>\n\t\t<\/div>\n\t\t\t\t\t\t<\/div>\n\t\t\t\t<\/div>\n\t\t\t\t<div class=\"elementor-element elementor-element-401b565 elementor-widget elementor-widget-text-editor\" data-id=\"401b565\" data-element_type=\"widget\" data-e-type=\"widget\" data-widget_type=\"text-editor.default\">\n\t\t\t\t<div class=\"elementor-widget-container\">\n\t\t\t\t\t\t\t\t\t<p>A mesura que passen els anys, adaptem les nostres vides als esdeveniments que ens succeeixen, i aix\u00f2 \u00e9s una cosa que la nostra llar hauria de reflectir. Algunes persones venen i altres es van, la qual cosa ens servia ahir, avui ja no \u00e9s d&#8217;utilitat. Per aix\u00f2, recondicionar, canviar i millorar el nostre habitatge forma part tamb\u00e9 de la nostra evoluci\u00f3 personal.  <\/p>\t\t\t\t\t\t\t\t<\/div>\n\t\t\t\t<\/div>\n\t\t\t\t\t<\/div>\n\t\t<\/div>\n\t\t\t\t\t<\/div>\n\t\t<\/section>\n\t\t\t\t<section class=\"elementor-section elementor-top-section elementor-element elementor-element-cb317f5 elementor-section-full_width elementor-section-height-min-height elementor-section-items-stretch elementor-section-content-middle elementor-reverse-mobile elementor-section-height-default\" data-id=\"cb317f5\" data-element_type=\"section\" data-e-type=\"section\" data-settings=\"{&quot;background_background&quot;:&quot;classic&quot;}\">\n\t\t\t\t\t\t<div class=\"elementor-container elementor-column-gap-no\">\n\t\t\t\t\t<div class=\"elementor-column elementor-col-50 elementor-top-column elementor-element elementor-element-2ce3595\" data-id=\"2ce3595\" data-element_type=\"column\" data-e-type=\"column\">\n\t\t\t<div class=\"elementor-widget-wrap elementor-element-populated\">\n\t\t\t\t\t\t<div class=\"elementor-element elementor-element-460a9c9 elementor-widget elementor-widget-heading\" data-id=\"460a9c9\" data-element_type=\"widget\" data-e-type=\"widget\" data-widget_type=\"heading.default\">\n\t\t\t\t<div class=\"elementor-widget-container\">\n\t\t\t\t\t<h2 class=\"elementor-heading-title elementor-size-default\">Interiorisme i rehabilitaci\u00f3\n<\/h2>\t\t\t\t<\/div>\n\t\t\t\t<\/div>\n\t\t\t\t<div class=\"elementor-element elementor-element-f0594a2 elementor-widget elementor-widget-text-editor\" data-id=\"f0594a2\" data-element_type=\"widget\" data-e-type=\"widget\" data-widget_type=\"text-editor.default\">\n\t\t\t\t<div class=\"elementor-widget-container\">\n\t\t\t\t\t\t\t\t\t<p>Tant si el que cerques \u00e9s una transformaci\u00f3 radical com una evoluci\u00f3 de la teva llar, som aqu\u00ed per a fer-ho realitat Black House t\u00e9 clar que el m\u00e9s m\u00ednim detall pot significar aquest gran canvi que necessites.<\/p>\t\t\t\t\t\t\t\t<\/div>\n\t\t\t\t<\/div>\n\t\t\t\t<div class=\"elementor-element elementor-element-72faf35 elementor-widget elementor-widget-text-editor\" data-id=\"72faf35\" data-element_type=\"widget\" data-e-type=\"widget\" data-widget_type=\"text-editor.default\">\n\t\t\t\t<div class=\"elementor-widget-container\">\n\t\t\t\t\t\t\t\t\t<p>Aix\u00ed, t&#8217;animem que ens facis saber qu\u00e8 \u00e9s el que cerques i com t&#8217;ho imagines, perqu\u00e8 junts aconseguim que la teva llar s&#8217;adapti al ritme de la teva nova vida. Si tens una idea o, tens clar qu\u00e8 fer, parlem i, sense comprom\u00eds, et farem una proposta que, estem segurs, t&#8217;encaixar\u00e0. <\/p>\t\t\t\t\t\t\t\t<\/div>\n\t\t\t\t<\/div>\n\t\t\t\t\t<\/div>\n\t\t<\/div>\n\t\t\t\t<div class=\"elementor-column elementor-col-50 elementor-top-column elementor-element elementor-element-b391b86\" data-id=\"b391b86\" data-element_type=\"column\" data-e-type=\"column\" data-settings=\"{&quot;background_background&quot;:&quot;slideshow&quot;,&quot;background_slideshow_gallery&quot;:[{&quot;id&quot;:954,&quot;url&quot;:&quot;https:\\\/\\\/black-house.com\\\/wp-content\\\/uploads\\\/2023\\\/07\\\/blackhouse-pearson-2.jpg&quot;},{&quot;id&quot;:955,&quot;url&quot;:&quot;https:\\\/\\\/black-house.com\\\/wp-content\\\/uploads\\\/2023\\\/07\\\/blackhouse-torrent-2.jpg&quot;},{&quot;id&quot;:956,&quot;url&quot;:&quot;https:\\\/\\\/black-house.com\\\/wp-content\\\/uploads\\\/2023\\\/07\\\/blackhouse-teia-8.jpg&quot;},{&quot;id&quot;:957,&quot;url&quot;:&quot;https:\\\/\\\/black-house.com\\\/wp-content\\\/uploads\\\/2023\\\/07\\\/blackhouse-torrent-5.jpg&quot;},{&quot;id&quot;:958,&quot;url&quot;:&quot;https:\\\/\\\/black-house.com\\\/wp-content\\\/uploads\\\/2023\\\/07\\\/blackhouse-teia-6.jpg&quot;},{&quot;id&quot;:959,&quot;url&quot;:&quot;https:\\\/\\\/black-house.com\\\/wp-content\\\/uploads\\\/2023\\\/07\\\/blackhouse-teia-9.jpg&quot;},{&quot;id&quot;:960,&quot;url&quot;:&quot;https:\\\/\\\/black-house.com\\\/wp-content\\\/uploads\\\/2023\\\/07\\\/blackhouse-torrent-3.jpg&quot;}],&quot;background_slideshow_loop&quot;:&quot;yes&quot;,&quot;background_slideshow_slide_duration&quot;:5000,&quot;background_slideshow_slide_transition&quot;:&quot;fade&quot;,&quot;background_slideshow_transition_duration&quot;:500}\">\n\t\t\t<div class=\"elementor-widget-wrap elementor-element-populated\">\n\t\t\t\t\t\t<div class=\"elementor-element elementor-element-4ea6e01 elementor-widget elementor-widget-spacer\" data-id=\"4ea6e01\" data-element_type=\"widget\" data-e-type=\"widget\" data-widget_type=\"spacer.default\">\n\t\t\t\t<div class=\"elementor-widget-container\">\n\t\t\t\t\t\t\t<div class=\"elementor-spacer\">\n\t\t\t<div class=\"elementor-spacer-inner\"><\/div>\n\t\t<\/div>\n\t\t\t\t\t\t<\/div>\n\t\t\t\t<\/div>\n\t\t\t\t\t<\/div>\n\t\t<\/div>\n\t\t\t\t\t<\/div>\n\t\t<\/section>\n\t\t\t\t<\/div>\n\t\t","protected":false},"excerpt":{"rendered":"<p>Interiorisme i rehabilitaci\u00f3 La teva vida canvia i les necessitats de la teva llar, tamb\u00e9. A mesura que passen els anys, adaptem les nostres vides als esdeveniments que ens succeeixen, i aix\u00f2 \u00e9s una cosa que la nostra llar hauria de reflectir. Algunes persones venen i altres es van, la qual cosa ens servia ahir, [&hellip;]<\/p>\n","protected":false},"author":23,"featured_media":953,"parent":0,"menu_order":0,"comment_status":"closed","ping_status":"closed","template":"","meta":{"footnotes":""},"class_list":["post-952","page","type-page","status-publish","has-post-thumbnail","hentry"],"acf":[],"_links":{"self":[{"href":"https:\/\/black-house.com\/ca\/wp-json\/wp\/v2\/pages\/952","targetHints":{"allow":["GET"]}}],"collection":[{"href":"https:\/\/black-house.com\/ca\/wp-json\/wp\/v2\/pages"}],"about":[{"href":"https:\/\/black-house.com\/ca\/wp-json\/wp\/v2\/types\/page"}],"author":[{"embeddable":true,"href":"https:\/\/black-house.com\/ca\/wp-json\/wp\/v2\/users\/23"}],"replies":[{"embeddable":true,"href":"https:\/\/black-house.com\/ca\/wp-json\/wp\/v2\/comments?post=952"}],"version-history":[{"count":2,"href":"https:\/\/black-house.com\/ca\/wp-json\/wp\/v2\/pages\/952\/revisions"}],"predecessor-version":[{"id":1455,"href":"https:\/\/black-house.com\/ca\/wp-json\/wp\/v2\/pages\/952\/revisions\/1455"}],"wp:featuredmedia":[{"embeddable":true,"href":"https:\/\/black-house.com\/ca\/wp-json\/wp\/v2\/media\/953"}],"wp:attachment":[{"href":"https:\/\/black-house.com\/ca\/wp-json\/wp\/v2\/media?parent=952"}],"curies":[{"name":"wp","href":"https:\/\/api.w.org\/{rel}","templated":true}]}}