{"id":941,"date":"2023-07-31T10:11:09","date_gmt":"2023-07-31T08:11:09","guid":{"rendered":"https:\/\/black-house.com\/cases-unifamiliars-de-disseny\/"},"modified":"2026-04-08T11:12:31","modified_gmt":"2026-04-08T09:12:31","slug":"cases-unifamiliars-de-disseny","status":"publish","type":"page","link":"https:\/\/black-house.com\/ca\/cases-unifamiliars-de-disseny\/","title":{"rendered":"Cases unifamiliars de disseny"},"content":{"rendered":"\t\t<div data-elementor-type=\"wp-page\" data-elementor-id=\"941\" class=\"elementor elementor-941 elementor-541\" data-elementor-settings=\"{&quot;scroll_snap&quot;:&quot;yes&quot;}\" data-elementor-post-type=\"page\">\n\t\t\t\t\t\t<section class=\"elementor-section elementor-top-section elementor-element elementor-element-fb52fb5 elementor-section-height-min-height elementor-section-items-bottom elementor-section-full_width elementor-section-height-default\" data-id=\"fb52fb5\" data-element_type=\"section\" data-e-type=\"section\" data-settings=\"{&quot;background_background&quot;:&quot;classic&quot;}\">\n\t\t\t\t\t\t<div class=\"elementor-container elementor-column-gap-no\">\n\t\t\t\t\t<div class=\"elementor-column elementor-col-50 elementor-top-column elementor-element elementor-element-ceddd16\" data-id=\"ceddd16\" data-element_type=\"column\" data-e-type=\"column\">\n\t\t\t<div class=\"elementor-widget-wrap elementor-element-populated\">\n\t\t\t\t\t\t<div class=\"elementor-element elementor-element-02c1e2a elementor-hidden-desktop elementor-hidden-tablet elementor-widget elementor-widget-image\" data-id=\"02c1e2a\" data-element_type=\"widget\" data-e-type=\"widget\" data-widget_type=\"image.default\">\n\t\t\t\t<div class=\"elementor-widget-container\">\n\t\t\t\t\t\t\t\t\t\t\t\t\t\t\t<img fetchpriority=\"high\" decoding=\"async\" width=\"800\" height=\"450\" src=\"https:\/\/black-house.com\/wp-content\/uploads\/2023\/07\/blackhouse-sant-cugat-1-1024x576.jpg\" class=\"attachment-large size-large wp-image-940\" alt=\"Espai exterior d&#039;habitatge contemporani a Sant Cugat amb piscina i zona d&#039;estar integrada\" srcset=\"https:\/\/black-house.com\/wp-content\/uploads\/2023\/07\/blackhouse-sant-cugat-1-1024x576.jpg 1024w, https:\/\/black-house.com\/wp-content\/uploads\/2023\/07\/blackhouse-sant-cugat-1-300x169.jpg 300w, https:\/\/black-house.com\/wp-content\/uploads\/2023\/07\/blackhouse-sant-cugat-1-768x432.jpg 768w, https:\/\/black-house.com\/wp-content\/uploads\/2023\/07\/blackhouse-sant-cugat-1-1536x864.jpg 1536w, https:\/\/black-house.com\/wp-content\/uploads\/2023\/07\/blackhouse-sant-cugat-1.jpg 1920w\" sizes=\"(max-width: 800px) 100vw, 800px\" \/>\t\t\t\t\t\t\t\t\t\t\t\t\t\t\t<\/div>\n\t\t\t\t<\/div>\n\t\t\t\t\t<\/div>\n\t\t<\/div>\n\t\t\t\t<div class=\"elementor-column elementor-col-50 elementor-top-column elementor-element elementor-element-937ca74\" data-id=\"937ca74\" data-element_type=\"column\" data-e-type=\"column\" data-settings=\"{&quot;background_background&quot;:&quot;classic&quot;}\">\n\t\t\t<div class=\"elementor-widget-wrap elementor-element-populated\">\n\t\t\t\t\t\t<div class=\"elementor-element elementor-element-533abc1 elementor-widget elementor-widget-heading\" data-id=\"533abc1\" data-element_type=\"widget\" data-e-type=\"widget\" data-widget_type=\"heading.default\">\n\t\t\t\t<div class=\"elementor-widget-container\">\n\t\t\t\t\t<h1 class=\"elementor-heading-title elementor-size-default\">Cases unifamiliars de disseny<\/h1>\t\t\t\t<\/div>\n\t\t\t\t<\/div>\n\t\t\t\t<div class=\"elementor-element elementor-element-f71f866 elementor-widget elementor-widget-text-editor\" data-id=\"f71f866\" data-element_type=\"widget\" data-e-type=\"widget\" data-widget_type=\"text-editor.default\">\n\t\t\t\t<div class=\"elementor-widget-container\">\n\t\t\t\t\t\t\t\t\t<p>Crear la teva pr\u00f2pia llar \u00e9s projecte important, llarg i complex. Per\u00f2 sobretot, il\u00b7lusionant i renovador. <\/p>\t\t\t\t\t\t\t\t<\/div>\n\t\t\t\t<\/div>\n\t\t\t\t<div class=\"elementor-element elementor-element-a946511 elementor-widget-divider--view-line elementor-widget elementor-widget-divider\" data-id=\"a946511\" data-element_type=\"widget\" data-e-type=\"widget\" data-widget_type=\"divider.default\">\n\t\t\t\t<div class=\"elementor-widget-container\">\n\t\t\t\t\t\t\t<div class=\"elementor-divider\">\n\t\t\t<span class=\"elementor-divider-separator\">\n\t\t\t\t\t\t<\/span>\n\t\t<\/div>\n\t\t\t\t\t\t<\/div>\n\t\t\t\t<\/div>\n\t\t\t\t<div class=\"elementor-element elementor-element-91ccd66 elementor-widget elementor-widget-text-editor\" data-id=\"91ccd66\" data-element_type=\"widget\" data-e-type=\"widget\" data-widget_type=\"text-editor.default\">\n\t\t\t\t<div class=\"elementor-widget-container\">\n\t\t\t\t\t\t\t\t\t<p>A Black House tenim clar que aquesta il\u00b7lusi\u00f3 ha de romandre activa durant tot el proc\u00e9s de gesti\u00f3, planificaci\u00f3, construcci\u00f3 i decoraci\u00f3 del teu nou habitatge.<br>Per aix\u00f2, el nostre equip de Black House, liderat per Daniel Blanch, \u00e9s efica\u00e7, professional i resolutiu en tots els processos, gestions i planificacions per a aconseguir un resultat ajustat a la qualitat, termini i calendari definit. Si tens un solar, una idea o un projecte al cap, parlem i, sense comprom\u00eds, et farem una proposta que, estem segurs, t&#8217;encaixar\u00e0<\/p>\t\t\t\t\t\t\t\t<\/div>\n\t\t\t\t<\/div>\n\t\t\t\t\t<\/div>\n\t\t<\/div>\n\t\t\t\t\t<\/div>\n\t\t<\/section>\n\t\t\t\t<\/div>\n\t\t","protected":false},"excerpt":{"rendered":"<p>Cases unifamiliars de disseny Crear la teva pr\u00f2pia llar \u00e9s projecte important, llarg i complex. Per\u00f2 sobretot, il\u00b7lusionant i renovador. A Black House tenim clar que aquesta il\u00b7lusi\u00f3 ha de romandre activa durant tot el proc\u00e9s de gesti\u00f3, planificaci\u00f3, construcci\u00f3 i decoraci\u00f3 del teu nou habitatge.Per aix\u00f2, el nostre equip de Black House, liderat per [&hellip;]<\/p>\n","protected":false},"author":23,"featured_media":940,"parent":0,"menu_order":0,"comment_status":"closed","ping_status":"closed","template":"","meta":{"footnotes":""},"class_list":["post-941","page","type-page","status-publish","has-post-thumbnail","hentry"],"acf":[],"_links":{"self":[{"href":"https:\/\/black-house.com\/ca\/wp-json\/wp\/v2\/pages\/941","targetHints":{"allow":["GET"]}}],"collection":[{"href":"https:\/\/black-house.com\/ca\/wp-json\/wp\/v2\/pages"}],"about":[{"href":"https:\/\/black-house.com\/ca\/wp-json\/wp\/v2\/types\/page"}],"author":[{"embeddable":true,"href":"https:\/\/black-house.com\/ca\/wp-json\/wp\/v2\/users\/23"}],"replies":[{"embeddable":true,"href":"https:\/\/black-house.com\/ca\/wp-json\/wp\/v2\/comments?post=941"}],"version-history":[{"count":2,"href":"https:\/\/black-house.com\/ca\/wp-json\/wp\/v2\/pages\/941\/revisions"}],"predecessor-version":[{"id":1454,"href":"https:\/\/black-house.com\/ca\/wp-json\/wp\/v2\/pages\/941\/revisions\/1454"}],"wp:featuredmedia":[{"embeddable":true,"href":"https:\/\/black-house.com\/ca\/wp-json\/wp\/v2\/media\/940"}],"wp:attachment":[{"href":"https:\/\/black-house.com\/ca\/wp-json\/wp\/v2\/media?parent=941"}],"curies":[{"name":"wp","href":"https:\/\/api.w.org\/{rel}","templated":true}]}}