{"id":937,"date":"2023-07-31T10:13:01","date_gmt":"2023-07-31T08:13:01","guid":{"rendered":"https:\/\/black-house.com\/boutique-hotel\/"},"modified":"2026-04-08T11:07:28","modified_gmt":"2026-04-08T09:07:28","slug":"boutique-hotel","status":"publish","type":"page","link":"https:\/\/black-house.com\/ca\/boutique-hotel\/","title":{"rendered":"Boutique Hotel"},"content":{"rendered":"\t\t<div data-elementor-type=\"wp-page\" data-elementor-id=\"937\" class=\"elementor elementor-937 elementor-546\" data-elementor-settings=\"{&quot;scroll_snap&quot;:&quot;yes&quot;}\" data-elementor-post-type=\"page\">\n\t\t\t\t\t\t<section class=\"elementor-section elementor-top-section elementor-element elementor-element-cfe2246 elementor-section-height-min-height elementor-section-items-bottom elementor-section-full_width elementor-section-height-default\" data-id=\"cfe2246\" data-element_type=\"section\" data-e-type=\"section\" data-settings=\"{&quot;background_background&quot;:&quot;classic&quot;}\">\n\t\t\t\t\t\t\t<div class=\"elementor-background-overlay\"><\/div>\n\t\t\t\t\t\t\t<div class=\"elementor-container elementor-column-gap-no\">\n\t\t\t\t\t<div class=\"elementor-column elementor-col-50 elementor-top-column elementor-element elementor-element-cf70851\" data-id=\"cf70851\" data-element_type=\"column\" data-e-type=\"column\">\n\t\t\t<div class=\"elementor-widget-wrap elementor-element-populated\">\n\t\t\t\t\t\t<div class=\"elementor-element elementor-element-6dbeae0 elementor-hidden-desktop elementor-hidden-tablet elementor-widget elementor-widget-image\" data-id=\"6dbeae0\" data-element_type=\"widget\" data-e-type=\"widget\" data-widget_type=\"image.default\">\n\t\t\t\t<div class=\"elementor-widget-container\">\n\t\t\t\t\t\t\t\t\t\t\t\t\t\t\t<img fetchpriority=\"high\" decoding=\"async\" width=\"800\" height=\"450\" src=\"https:\/\/black-house.com\/wp-content\/uploads\/2023\/07\/blackhouse-HOTEL-CORTEZO-portada-1024x576.jpg\" class=\"attachment-large size-large wp-image-938\" alt=\"Projecte d&#039;interiorisme hoteler a Madrid amb disseny contemporani i atmosfera elegant\" srcset=\"https:\/\/black-house.com\/wp-content\/uploads\/2023\/07\/blackhouse-HOTEL-CORTEZO-portada-1024x576.jpg 1024w, https:\/\/black-house.com\/wp-content\/uploads\/2023\/07\/blackhouse-HOTEL-CORTEZO-portada-300x169.jpg 300w, https:\/\/black-house.com\/wp-content\/uploads\/2023\/07\/blackhouse-HOTEL-CORTEZO-portada-768x432.jpg 768w, https:\/\/black-house.com\/wp-content\/uploads\/2023\/07\/blackhouse-HOTEL-CORTEZO-portada-1536x864.jpg 1536w, https:\/\/black-house.com\/wp-content\/uploads\/2023\/07\/blackhouse-HOTEL-CORTEZO-portada.jpg 1920w\" sizes=\"(max-width: 800px) 100vw, 800px\" \/>\t\t\t\t\t\t\t\t\t\t\t\t\t\t\t<\/div>\n\t\t\t\t<\/div>\n\t\t\t\t\t<\/div>\n\t\t<\/div>\n\t\t\t\t<div class=\"elementor-column elementor-col-50 elementor-top-column elementor-element elementor-element-1a2d055\" data-id=\"1a2d055\" data-element_type=\"column\" data-e-type=\"column\" data-settings=\"{&quot;background_background&quot;:&quot;classic&quot;}\">\n\t\t\t<div class=\"elementor-widget-wrap elementor-element-populated\">\n\t\t\t\t\t\t<div class=\"elementor-element elementor-element-8f7ceb2 elementor-widget elementor-widget-heading\" data-id=\"8f7ceb2\" data-element_type=\"widget\" data-e-type=\"widget\" data-widget_type=\"heading.default\">\n\t\t\t\t<div class=\"elementor-widget-container\">\n\t\t\t\t\t<h1 class=\"elementor-heading-title elementor-size-default\">boutique hotel<\/h1>\t\t\t\t<\/div>\n\t\t\t\t<\/div>\n\t\t\t\t<div class=\"elementor-element elementor-element-32d63d6 elementor-widget elementor-widget-text-editor\" data-id=\"32d63d6\" data-element_type=\"widget\" data-e-type=\"widget\" data-widget_type=\"text-editor.default\">\n\t\t\t\t<div class=\"elementor-widget-container\">\n\t\t\t\t\t\t\t\t\t<p>Una experi\u00e8ncia \u00fanica i personal.<\/p>\t\t\t\t\t\t\t\t<\/div>\n\t\t\t\t<\/div>\n\t\t\t\t<div class=\"elementor-element elementor-element-5807f46 elementor-widget-divider--view-line elementor-widget elementor-widget-divider\" data-id=\"5807f46\" data-element_type=\"widget\" data-e-type=\"widget\" data-widget_type=\"divider.default\">\n\t\t\t\t<div class=\"elementor-widget-container\">\n\t\t\t\t\t\t\t<div class=\"elementor-divider\">\n\t\t\t<span class=\"elementor-divider-separator\">\n\t\t\t\t\t\t<\/span>\n\t\t<\/div>\n\t\t\t\t\t\t<\/div>\n\t\t\t\t<\/div>\n\t\t\t\t<div class=\"elementor-element elementor-element-bd76540 elementor-widget elementor-widget-text-editor\" data-id=\"bd76540\" data-element_type=\"widget\" data-e-type=\"widget\" data-widget_type=\"text-editor.default\">\n\t\t\t\t<div class=\"elementor-widget-container\">\n\t\t\t\t\t\t\t\t\t<p>A Black House ens interessa aquells hotels que desitgen generar una experi\u00e8ncia \u00fanica a l&#8217;hoste. On el m\u00e9s m\u00ednim detall comen\u00e7a ja en l&#8217;exterior de l&#8217;establiment, continua en la recepci\u00f3 i acaba a l&#8217;habitaci\u00f3.<\/p><p>Enfront de la proliferaci\u00f3 de cadenes i hotels sense personalitat, creiem en els projectes que volen distingir-se, personalitzar-se i generar una estada que permeti ser una refer\u00e8ncia per a l&#8217;hoste.<\/p><p>Ideem, projectem i evolucionem establiments hoteleres per a convertir-los en Boutiques Hotels, creant un producte distintiu d&#8217;alt nivell.<\/p>\t\t\t\t\t\t\t\t<\/div>\n\t\t\t\t<\/div>\n\t\t\t\t\t<\/div>\n\t\t<\/div>\n\t\t\t\t\t<\/div>\n\t\t<\/section>\n\t\t\t\t<\/div>\n\t\t","protected":false},"excerpt":{"rendered":"<p>boutique hotel Una experi\u00e8ncia \u00fanica i personal. A Black House ens interessa aquells hotels que desitgen generar una experi\u00e8ncia \u00fanica a l&#8217;hoste. On el m\u00e9s m\u00ednim detall comen\u00e7a ja en l&#8217;exterior de l&#8217;establiment, continua en la recepci\u00f3 i acaba a l&#8217;habitaci\u00f3. Enfront de la proliferaci\u00f3 de cadenes i hotels sense personalitat, creiem en els projectes [&hellip;]<\/p>\n","protected":false},"author":23,"featured_media":938,"parent":0,"menu_order":0,"comment_status":"closed","ping_status":"closed","template":"","meta":{"footnotes":""},"class_list":["post-937","page","type-page","status-publish","has-post-thumbnail","hentry"],"acf":[],"_links":{"self":[{"href":"https:\/\/black-house.com\/ca\/wp-json\/wp\/v2\/pages\/937","targetHints":{"allow":["GET"]}}],"collection":[{"href":"https:\/\/black-house.com\/ca\/wp-json\/wp\/v2\/pages"}],"about":[{"href":"https:\/\/black-house.com\/ca\/wp-json\/wp\/v2\/types\/page"}],"author":[{"embeddable":true,"href":"https:\/\/black-house.com\/ca\/wp-json\/wp\/v2\/users\/23"}],"replies":[{"embeddable":true,"href":"https:\/\/black-house.com\/ca\/wp-json\/wp\/v2\/comments?post=937"}],"version-history":[{"count":3,"href":"https:\/\/black-house.com\/ca\/wp-json\/wp\/v2\/pages\/937\/revisions"}],"predecessor-version":[{"id":1440,"href":"https:\/\/black-house.com\/ca\/wp-json\/wp\/v2\/pages\/937\/revisions\/1440"}],"wp:featuredmedia":[{"embeddable":true,"href":"https:\/\/black-house.com\/ca\/wp-json\/wp\/v2\/media\/938"}],"wp:attachment":[{"href":"https:\/\/black-house.com\/ca\/wp-json\/wp\/v2\/media?parent=937"}],"curies":[{"name":"wp","href":"https:\/\/api.w.org\/{rel}","templated":true}]}}