{"id":911,"date":"2023-07-29T10:38:34","date_gmt":"2023-07-29T08:38:34","guid":{"rendered":"https:\/\/black-house.com\/black-house\/"},"modified":"2026-04-08T11:11:07","modified_gmt":"2026-04-08T09:11:07","slug":"black-house","status":"publish","type":"page","link":"https:\/\/black-house.com\/ca\/black-house\/","title":{"rendered":"Black House"},"content":{"rendered":"\t\t<div data-elementor-type=\"wp-page\" data-elementor-id=\"911\" class=\"elementor elementor-911 elementor-27\" data-elementor-settings=\"{&quot;scroll_snap&quot;:&quot;yes&quot;}\" data-elementor-post-type=\"page\">\n\t\t\t\t\t\t<section class=\"elementor-section elementor-top-section elementor-element elementor-element-236796a elementor-section-full_width elementor-section-height-min-height elementor-section-items-bottom elementor-section-height-default\" data-id=\"236796a\" data-element_type=\"section\" data-e-type=\"section\" data-settings=\"{&quot;background_background&quot;:&quot;classic&quot;}\">\n\t\t\t\t\t\t\t<div class=\"elementor-background-overlay\"><\/div>\n\t\t\t\t\t\t\t<div class=\"elementor-container elementor-column-gap-no\">\n\t\t\t\t\t<div class=\"elementor-column elementor-col-100 elementor-top-column elementor-element elementor-element-2f70d91\" data-id=\"2f70d91\" data-element_type=\"column\" data-e-type=\"column\" data-settings=\"{&quot;background_background&quot;:&quot;classic&quot;}\">\n\t\t\t<div class=\"elementor-widget-wrap elementor-element-populated\">\n\t\t\t\t\t\t<section class=\"elementor-section elementor-inner-section elementor-element elementor-element-921b99c elementor-section-boxed elementor-section-height-default elementor-section-height-default\" data-id=\"921b99c\" data-element_type=\"section\" data-e-type=\"section\">\n\t\t\t\t\t\t<div class=\"elementor-container elementor-column-gap-default\">\n\t\t\t\t\t<div class=\"elementor-column elementor-col-100 elementor-inner-column elementor-element elementor-element-0ff49ca\" data-id=\"0ff49ca\" data-element_type=\"column\" data-e-type=\"column\">\n\t\t\t<div class=\"elementor-widget-wrap elementor-element-populated\">\n\t\t\t\t\t\t<div class=\"elementor-element elementor-element-742aa3b elementor-widget elementor-widget-heading\" data-id=\"742aa3b\" data-element_type=\"widget\" data-e-type=\"widget\" data-widget_type=\"heading.default\">\n\t\t\t\t<div class=\"elementor-widget-container\">\n\t\t\t\t\t<h1 class=\"elementor-heading-title elementor-size-default\">EXIGENTS, DETALLISTES I COMPROMESOS<\/h1>\t\t\t\t<\/div>\n\t\t\t\t<\/div>\n\t\t\t\t<div class=\"elementor-element elementor-element-5c90af1 elementor-widget elementor-widget-text-editor\" data-id=\"5c90af1\" data-element_type=\"widget\" data-e-type=\"widget\" data-widget_type=\"text-editor.default\">\n\t\t\t\t<div class=\"elementor-widget-container\">\n\t\t\t\t\t\t\t\t\t<p>L&#8217;equip de Black House est\u00e0 format per professionals de l&#8217;arquitectura, enginyeria, interioristes i advocats urbanistes, a m\u00e9s de grans industrials per a idear i executar projectes d&#8217;arquitectura, rehabilitaci\u00f3 i interiorisme per a cases unifamiliars de disseny i Hotels Boutique.<\/p><p>Tot aquest equip est\u00e0 liderat per Dani Blanch, cofundador de Knowhaus i actual fundador i CEO de Black House.<\/p>\t\t\t\t\t\t\t\t<\/div>\n\t\t\t\t<\/div>\n\t\t\t\t\t<\/div>\n\t\t<\/div>\n\t\t\t\t\t<\/div>\n\t\t<\/section>\n\t\t\t\t\t<\/div>\n\t\t<\/div>\n\t\t\t\t\t<\/div>\n\t\t<\/section>\n\t\t\t\t<section class=\"elementor-section elementor-top-section elementor-element elementor-element-39a7a1c elementor-section-height-min-height elementor-section-content-middle elementor-reverse-tablet elementor-reverse-mobile elementor-section-boxed elementor-section-height-default elementor-section-items-middle\" data-id=\"39a7a1c\" data-element_type=\"section\" data-e-type=\"section\" data-settings=\"{&quot;background_background&quot;:&quot;classic&quot;}\">\n\t\t\t\t\t\t<div class=\"elementor-container elementor-column-gap-no\">\n\t\t\t\t\t<div class=\"elementor-column elementor-col-50 elementor-top-column elementor-element elementor-element-a5efa06 animated-slow elementor-invisible\" data-id=\"a5efa06\" data-element_type=\"column\" data-e-type=\"column\" data-settings=\"{&quot;animation&quot;:&quot;fadeInLeft&quot;}\">\n\t\t\t<div class=\"elementor-widget-wrap elementor-element-populated\">\n\t\t\t\t\t\t<div class=\"elementor-element elementor-element-191baf0 elementor-widget elementor-widget-heading\" data-id=\"191baf0\" data-element_type=\"widget\" data-e-type=\"widget\" data-widget_type=\"heading.default\">\n\t\t\t\t<div class=\"elementor-widget-container\">\n\t\t\t\t\t<h2 class=\"elementor-heading-title elementor-size-default\">Daniel Blanch Parcerisas<\/h2>\t\t\t\t<\/div>\n\t\t\t\t<\/div>\n\t\t\t\t<div class=\"elementor-element elementor-element-c54b84f elementor-widget elementor-widget-text-editor\" data-id=\"c54b84f\" data-element_type=\"widget\" data-e-type=\"widget\" data-widget_type=\"text-editor.default\">\n\t\t\t\t<div class=\"elementor-widget-container\">\n\t\t\t\t\t\t\t\t\t<p><strong>\u201cQue la teva major il\u00b7lusi\u00f3 no es converteixi en el teu pitjor malson.\u201d<\/strong><\/p>\t\t\t\t\t\t\t\t<\/div>\n\t\t\t\t<\/div>\n\t\t\t\t<div class=\"elementor-element elementor-element-d452f81 elementor-widget elementor-widget-text-editor\" data-id=\"d452f81\" data-element_type=\"widget\" data-e-type=\"widget\" data-widget_type=\"text-editor.default\">\n\t\t\t\t<div class=\"elementor-widget-container\">\n\t\t\t\t\t\t\t\t\t<p>Dani Blanch desenvolupa tota la seva carrera professional en el m\u00f3n de la promoci\u00f3 i gesti\u00f3 urban\u00edstica i immobili\u00e0ria. Adquireix una visi\u00f3 global com Project Manager coordinant i dirigint equips d&#8217;arquitectes i aparelladors per a desenvolupar projectes immobiliaris comercials, corporatius, industrials i principalment residencials per a algunes de les principals empreses nacionals i internacionals: Banc Vitalici d&#8217;Espanya, Generali, Group Promodes, Carrefour, Layetana Immobili\u00e0ria (Torre Agbar, Hotel Silken, Promocions Arcadias) i promocions residencials en tota Espanya.<\/p>\t\t\t\t\t\t\t\t<\/div>\n\t\t\t\t<\/div>\n\t\t\t\t<div class=\"elementor-element elementor-element-ecea95f elementor-view-default elementor-widget elementor-widget-icon\" data-id=\"ecea95f\" data-element_type=\"widget\" data-e-type=\"widget\" data-widget_type=\"icon.default\">\n\t\t\t\t<div class=\"elementor-widget-container\">\n\t\t\t\t\t\t\t<div class=\"elementor-icon-wrapper\">\n\t\t\t<a class=\"elementor-icon\" href=\"https:\/\/www.linkedin.com\/in\/daniel-blanch-parcerisas-606aa450\" target=\"_blank\" rel=\"noopener\">\n\t\t\t<i aria-hidden=\"true\" class=\"fab fa-linkedin\"><\/i>\t\t\t<\/a>\n\t\t<\/div>\n\t\t\t\t\t\t<\/div>\n\t\t\t\t<\/div>\n\t\t\t\t<div class=\"elementor-element elementor-element-15a25c5 animated-slow elementor-invisible elementor-widget elementor-widget-image\" data-id=\"15a25c5\" data-element_type=\"widget\" data-e-type=\"widget\" data-settings=\"{&quot;_animation&quot;:&quot;fadeIn&quot;,&quot;_animation_delay&quot;:1200}\" data-widget_type=\"image.default\">\n\t\t\t\t<div class=\"elementor-widget-container\">\n\t\t\t\t\t\t\t\t\t\t\t\t\t\t\t<img decoding=\"async\" width=\"264\" height=\"165\" src=\"https:\/\/black-house.com\/wp-content\/uploads\/2023\/07\/image001-1.png\" class=\"attachment-large size-large wp-image-933\" alt=\"Daniel Blanch, dissenyador\" \/>\t\t\t\t\t\t\t\t\t\t\t\t\t\t\t<\/div>\n\t\t\t\t<\/div>\n\t\t\t\t\t<\/div>\n\t\t<\/div>\n\t\t\t\t<div class=\"elementor-column elementor-col-50 elementor-top-column elementor-element elementor-element-9b5972c elementor-invisible\" data-id=\"9b5972c\" data-element_type=\"column\" data-e-type=\"column\" data-settings=\"{&quot;background_background&quot;:&quot;classic&quot;,&quot;animation&quot;:&quot;fadeIn&quot;}\">\n\t\t\t<div class=\"elementor-widget-wrap elementor-element-populated\">\n\t\t\t\t\t\t<div class=\"elementor-element elementor-element-e7a5dcd elementor-invisible elementor-widget elementor-widget-image\" data-id=\"e7a5dcd\" data-element_type=\"widget\" data-e-type=\"widget\" data-settings=\"{&quot;_animation&quot;:&quot;fadeInUp&quot;}\" data-widget_type=\"image.default\">\n\t\t\t\t<div class=\"elementor-widget-container\">\n\t\t\t\t\t\t\t\t\t\t\t\t\t\t\t<img fetchpriority=\"high\" decoding=\"async\" width=\"800\" height=\"900\" src=\"https:\/\/black-house.com\/wp-content\/uploads\/2023\/12\/daniel-blanch.jpg\" class=\"attachment-large size-large wp-image-932\" alt=\"Fundador de l&#039;estudi d&#039;arquitectura en un retrat que reflecteix el car\u00e0cter creatiu del projecte\" srcset=\"https:\/\/black-house.com\/wp-content\/uploads\/2023\/12\/daniel-blanch.jpg 800w, https:\/\/black-house.com\/wp-content\/uploads\/2023\/12\/daniel-blanch-267x300.jpg 267w, https:\/\/black-house.com\/wp-content\/uploads\/2023\/12\/daniel-blanch-768x864.jpg 768w\" sizes=\"(max-width: 800px) 100vw, 800px\" \/>\t\t\t\t\t\t\t\t\t\t\t\t\t\t\t<\/div>\n\t\t\t\t<\/div>\n\t\t\t\t\t<\/div>\n\t\t<\/div>\n\t\t\t\t\t<\/div>\n\t\t<\/section>\n\t\t\t\t<section class=\"elementor-section elementor-top-section elementor-element elementor-element-8b9a44d elementor-section-full_width elementor-section-height-min-height elementor-section-items-stretch elementor-section-height-default\" data-id=\"8b9a44d\" data-element_type=\"section\" data-e-type=\"section\" data-settings=\"{&quot;background_background&quot;:&quot;classic&quot;}\">\n\t\t\t\t\t\t<div class=\"elementor-container elementor-column-gap-no\">\n\t\t\t\t\t<div class=\"elementor-column elementor-col-50 elementor-top-column elementor-element elementor-element-82e8832\" data-id=\"82e8832\" data-element_type=\"column\" data-e-type=\"column\" data-settings=\"{&quot;background_background&quot;:&quot;classic&quot;}\">\n\t\t\t<div class=\"elementor-widget-wrap elementor-element-populated\">\n\t\t\t\t\t\t<div class=\"elementor-element elementor-element-6ff372c elementor-invisible elementor-widget elementor-widget-image\" data-id=\"6ff372c\" data-element_type=\"widget\" data-e-type=\"widget\" data-settings=\"{&quot;_animation&quot;:&quot;fadeInUp&quot;}\" data-widget_type=\"image.default\">\n\t\t\t\t<div class=\"elementor-widget-container\">\n\t\t\t\t\t\t\t\t\t\t\t\t\t\t\t<img decoding=\"async\" width=\"800\" height=\"974\" src=\"https:\/\/black-house.com\/wp-content\/uploads\/2023\/10\/blackhouse-about-2-841x1024.jpg\" class=\"attachment-large size-large wp-image-931\" alt=\"Arquitectura contempor\u00e0nia basada en l\u00ednies netes, volum i composici\u00f3 geom\u00e8trica-The Black House\" srcset=\"https:\/\/black-house.com\/wp-content\/uploads\/2023\/10\/blackhouse-about-2-841x1024.jpg 841w, https:\/\/black-house.com\/wp-content\/uploads\/2023\/10\/blackhouse-about-2-246x300.jpg 246w, https:\/\/black-house.com\/wp-content\/uploads\/2023\/10\/blackhouse-about-2-768x935.jpg 768w, https:\/\/black-house.com\/wp-content\/uploads\/2023\/10\/blackhouse-about-2-1262x1536.jpg 1262w, https:\/\/black-house.com\/wp-content\/uploads\/2023\/10\/blackhouse-about-2.jpg 1289w\" sizes=\"(max-width: 800px) 100vw, 800px\" \/>\t\t\t\t\t\t\t\t\t\t\t\t\t\t\t<\/div>\n\t\t\t\t<\/div>\n\t\t\t\t\t<\/div>\n\t\t<\/div>\n\t\t\t\t<div class=\"elementor-column elementor-col-50 elementor-top-column elementor-element elementor-element-fa152e2 elementor-invisible\" data-id=\"fa152e2\" data-element_type=\"column\" data-e-type=\"column\" data-settings=\"{&quot;animation&quot;:&quot;fadeInRight&quot;}\">\n\t\t\t<div class=\"elementor-widget-wrap elementor-element-populated\">\n\t\t\t\t\t\t<div class=\"elementor-element elementor-element-cd8a60b elementor-widget elementor-widget-heading\" data-id=\"cd8a60b\" data-element_type=\"widget\" data-e-type=\"widget\" data-widget_type=\"heading.default\">\n\t\t\t\t<div class=\"elementor-widget-container\">\n\t\t\t\t\t<h2 class=\"elementor-heading-title elementor-size-default\">2010\n<\/h2>\t\t\t\t<\/div>\n\t\t\t\t<\/div>\n\t\t\t\t<div class=\"elementor-element elementor-element-b9637f8 elementor-widget elementor-widget-heading\" data-id=\"b9637f8\" data-element_type=\"widget\" data-e-type=\"widget\" data-widget_type=\"heading.default\">\n\t\t\t\t<div class=\"elementor-widget-container\">\n\t\t\t\t\t<h2 class=\"elementor-heading-title elementor-size-default\">CREACI\u00d3 DE KNOWHAUS\n<\/h2>\t\t\t\t<\/div>\n\t\t\t\t<\/div>\n\t\t\t\t<div class=\"elementor-element elementor-element-2cdc1e3 elementor-widget elementor-widget-text-editor\" data-id=\"2cdc1e3\" data-element_type=\"widget\" data-e-type=\"widget\" data-widget_type=\"text-editor.default\">\n\t\t\t\t<div class=\"elementor-widget-container\">\n\t\t\t\t\t\t\t\t\t<p>Home Project Manager especialista en la gesti\u00f3 global de projectes claus en m\u00e0, en 2010 crea un equip multidisciplinari format per arquitectes, aparelladors, enginyers i s&#8217;associa amb la interiorista Gemma Gallego i Masmitj\u00e0 per a crear KNOWHAUS. Neix la primera empresa nacional de Home Project Management destinada exclusivament al disseny, desenvolupament, creaci\u00f3 o rehabilitaci\u00f3 i execuci\u00f3 global de projectes residencials de tota mena (unifamiliars, plurifamiliars, i resid\u00e8ncies vacacionals, ja siguin en mitjans urbans o rurals).<\/p>\t\t\t\t\t\t\t\t<\/div>\n\t\t\t\t<\/div>\n\t\t\t\t<div class=\"elementor-element elementor-element-dc69d34 elementor-widget-divider--view-line elementor-widget elementor-widget-divider\" data-id=\"dc69d34\" data-element_type=\"widget\" data-e-type=\"widget\" data-widget_type=\"divider.default\">\n\t\t\t\t<div class=\"elementor-widget-container\">\n\t\t\t\t\t\t\t<div class=\"elementor-divider\">\n\t\t\t<span class=\"elementor-divider-separator\">\n\t\t\t\t\t\t<\/span>\n\t\t<\/div>\n\t\t\t\t\t\t<\/div>\n\t\t\t\t<\/div>\n\t\t\t\t<div class=\"elementor-element elementor-element-c2ceb3a elementor-widget elementor-widget-heading\" data-id=\"c2ceb3a\" data-element_type=\"widget\" data-e-type=\"widget\" data-widget_type=\"heading.default\">\n\t\t\t\t<div class=\"elementor-widget-container\">\n\t\t\t\t\t<h2 class=\"elementor-heading-title elementor-size-default\">2022<\/h2>\t\t\t\t<\/div>\n\t\t\t\t<\/div>\n\t\t\t\t<div class=\"elementor-element elementor-element-81961f3 elementor-widget elementor-widget-heading\" data-id=\"81961f3\" data-element_type=\"widget\" data-e-type=\"widget\" data-widget_type=\"heading.default\">\n\t\t\t\t<div class=\"elementor-widget-container\">\n\t\t\t\t\t<h2 class=\"elementor-heading-title elementor-size-default\">CREACI\u00d3 DE BLACK HOUSE\n<\/h2>\t\t\t\t<\/div>\n\t\t\t\t<\/div>\n\t\t\t\t<div class=\"elementor-element elementor-element-f6e7ee1 elementor-widget elementor-widget-text-editor\" data-id=\"f6e7ee1\" data-element_type=\"widget\" data-e-type=\"widget\" data-widget_type=\"text-editor.default\">\n\t\t\t\t<div class=\"elementor-widget-container\">\n\t\t\t\t\t\t\t\t\t<p>Amb l&#8217;experi\u00e8ncia de Knowhaus a la seva esquena, Dani funda, en solitari, Black House, estudi d&#8217;arquitectura orientat a la construcci\u00f3 de cases unifamiliars de disseny, hotels boutique i rehabilitaci\u00f3 d&#8217;alt nivell.<\/p><p>Mantenint sempre la mirada al projecte en global, a trav\u00e9s del Project Management Integral, Dani continua aportant valor en la gesti\u00f3, seguiment i tra\u00e7abilitat de tots els processos que requereix el disseny i concepci\u00f3 d&#8217;una obra nova, rehabilitaci\u00f3, interiorisme i decoraci\u00f3.<\/p>\t\t\t\t\t\t\t\t<\/div>\n\t\t\t\t<\/div>\n\t\t\t\t<div class=\"elementor-element elementor-element-3ee17d2 elementor-widget elementor-widget-text-editor\" data-id=\"3ee17d2\" data-element_type=\"widget\" data-e-type=\"widget\" data-widget_type=\"text-editor.default\">\n\t\t\t\t<div class=\"elementor-widget-container\">\n\t\t\t\t\t\t\t\t\t<p>Black House t\u00e9 vocaci\u00f3 i pres\u00e8ncia internacional amb projectes al voltant del m\u00f3n: Barcelona, Balears, Marbella, Madrid, M\u00fanic, Dubai, Santiago de Xile, Vinya de la Mar, l&#8217;Argentina, Londres, Manchester, Canc\u00fan (M\u00e8xic), Santo Domingo.<\/p>\t\t\t\t\t\t\t\t<\/div>\n\t\t\t\t<\/div>\n\t\t\t\t\t<\/div>\n\t\t<\/div>\n\t\t\t\t\t<\/div>\n\t\t<\/section>\n\t\t\t\t<\/div>\n\t\t","protected":false},"excerpt":{"rendered":"<p>EXIGENTS, DETALLISTES I COMPROMESOS L&#8217;equip de Black House est\u00e0 format per professionals de l&#8217;arquitectura, enginyeria, interioristes i advocats urbanistes, a m\u00e9s de grans industrials per a idear i executar projectes d&#8217;arquitectura, rehabilitaci\u00f3 i interiorisme per a cases unifamiliars de disseny i Hotels Boutique. Tot aquest equip est\u00e0 liderat per Dani Blanch, cofundador de Knowhaus i [&hellip;]<\/p>\n","protected":false},"author":23,"featured_media":928,"parent":0,"menu_order":0,"comment_status":"closed","ping_status":"closed","template":"","meta":{"footnotes":""},"class_list":["post-911","page","type-page","status-publish","has-post-thumbnail","hentry"],"acf":[],"_links":{"self":[{"href":"https:\/\/black-house.com\/ca\/wp-json\/wp\/v2\/pages\/911","targetHints":{"allow":["GET"]}}],"collection":[{"href":"https:\/\/black-house.com\/ca\/wp-json\/wp\/v2\/pages"}],"about":[{"href":"https:\/\/black-house.com\/ca\/wp-json\/wp\/v2\/types\/page"}],"author":[{"embeddable":true,"href":"https:\/\/black-house.com\/ca\/wp-json\/wp\/v2\/users\/23"}],"replies":[{"embeddable":true,"href":"https:\/\/black-house.com\/ca\/wp-json\/wp\/v2\/comments?post=911"}],"version-history":[{"count":2,"href":"https:\/\/black-house.com\/ca\/wp-json\/wp\/v2\/pages\/911\/revisions"}],"predecessor-version":[{"id":1452,"href":"https:\/\/black-house.com\/ca\/wp-json\/wp\/v2\/pages\/911\/revisions\/1452"}],"wp:featuredmedia":[{"embeddable":true,"href":"https:\/\/black-house.com\/ca\/wp-json\/wp\/v2\/media\/928"}],"wp:attachment":[{"href":"https:\/\/black-house.com\/ca\/wp-json\/wp\/v2\/media?parent=911"}],"curies":[{"name":"wp","href":"https:\/\/api.w.org\/{rel}","templated":true}]}}